{"id":54,"date":"2014-12-11T18:27:46","date_gmt":"2014-12-11T18:27:46","guid":{"rendered":"http:\/\/zswlp.pl\/?page_id=54"},"modified":"2014-12-19T18:15:44","modified_gmt":"2014-12-19T18:15:44","slug":"realizowane-projekty","status":"publish","type":"page","link":"https:\/\/zswlp.pl\/?page_id=54","title":{"rendered":"REALIZOWANE PROJEKTY"},"content":{"rendered":"<p><strong>Zawojskie Stowarzyszenie W\u0142a\u015bcicieli Las\u00f3w Prywatnych po raz kolejny przyst\u0105pi\u0142o do konkursu grantowego og\u0142oszonego\u00a0przez Babiog\u00f3rskie Stowarzyszenie Zielona Linia w Stryszawie. Przygotowany przez nas projekt zosta\u0142\u00a0wysoko oceniony i otrzyma\u0142 dofinansowanie z Polsko-Ameryka\u0144skiej Fundacji Wolno\u015bci.<\/strong><\/p>\n<p>Jest to tym wi\u0119kszy sukces, \u017ce zdarzy\u0142o\u00a0si\u0119 to nam po raz drugi z\u00a0rz\u0119du. W tym roku przyznano 12\u00a0grant\u00f3w dla ca\u0142ego powiatu suskiego,\u00a0z tego a\u017c 5 dla stowarzysze\u0144\u00a0dzia\u0142aj\u0105cych w Zawoi. Podobnie jak\u00a0nasz, po raz drugi z rz\u0119du przeszed\u0142\u00a0projekt opracowany przez Stowarzyszenie<br \/>\nna rzecz Zr\u00f3wnowa\u017conego\u00a0Rozwoju \u201ePrzys\u0142op\u201d.<br \/>\nW trakcie realizacji projektu\u00a0\u201eNajwy\u017cszy czas posadzi\u0107 las \u2013 dla\u00a0uczczenia wolno\u015bci\u201d, przeprowadzimy\u00a0zaj\u0119cia warsztatowe dla 75\u00a0uczni\u00f3w pochodz\u0105cych ze szk\u00f3\u0142,\u00a0kt\u00f3re wsp\u00f3\u0142pracowa\u0142y z naszym\u00a0Stowarzyszeniem przy realizacji innych\u00a0zada\u0144. Zapoznamy m\u0142odzie\u017c\u00a0z ca\u0142ym procesem produkcji materia\u0142u\u00a0szk\u00f3\u0142karskiego. Przygotujemy\u00a0odpowiednie dla drzewek pod\u0142o\u017ce, b\u0119dziemy pikowa\u0107 sadzonki\u00a0do doniczek ziemnych, zapoznamy\u00a0m\u0142odzie\u017c jak nale\u017cy piel\u0119gnowa\u0107\u00a0sadzonki w szk\u00f3\u0142ce.\u00a0W\u0142\u0105czymy si\u0119 tak\u017ce w og\u00f3lnopolskie\u00a0obchody dwudziestej pi\u0105tej rocznicy odzyskania wolno\u015bci.\u00a0Uczniowie dowiedz\u0105 si\u0119 jak odzyskanie\u00a0wolno\u015bci wp\u0142yn\u0119\u0142o na\u00a0gospodark\u0119 le\u015bn\u0105 w Lasach Pa\u0144stwowych i prywatnych. Kulminacyjnym\u00a0punktem warsztat\u00f3w b\u0119dzie\u00a0sadzenie drzewek w lasku wolno\u015bci. Posadzimy wsp\u00f3lnie 30 drzewek,\u00a0a ka\u017cdy uczestnik warsztat\u00f3w\u00a0otrzyma sadzonk\u0119 w doniczce i posadzi\u00a0j\u0105 u siebie, oczywi\u015bcie je\u017celi\u00a0ma do tego warunki.\u00a0Ze wszystkich prowadzonych\u00a0dzia\u0142a\u0144 sporz\u0105dzimy dokumentacj\u0119\u00a0fotograficzn\u0105.Powstanie \u201eLasku\u00a0Wolno\u015bci\u201d zostanie upami\u0119tnionetablic\u0105 z informacj\u0105: kto, kiedy i z\u00a0jakiej okazji wykona\u0142 to zadanie.\u00a0Warsztaty zako\u0144cz\u0105 si\u0119 wsp\u00f3lnym\u00a0ogniskiem.<\/p>\n<p>Rok 2014 jest dla wszystkich Polak\u00f3w\u00a0wa\u017cny r\u00f3wnie\u017c z powodu\u00a0kanonizacji Jana Paw\u0142a II. To wa\u017cne\u00a0wydarzenie uczcimy posadzeniem\u00a0drzewka \u015bw. Jana Paw\u0142a II.\u00a0Wielu cz\u0142onk\u00f3w Zawojskiego<br \/>\nStowarzyszenia od lat ch\u0119tnie\u00a0uczestniczy w podobnych dzia\u0142aniach,<br \/>\nponadto wspiera nas wiele\u00a0organizacji i instytucji na przyk\u0142ad \u00a0Urz\u0105d Gminy, Babiog\u00f3rskie Centrum\u00a0Kultury, Nadle\u015bnictwo w Suchej<br \/>\nBeskidzkiej, le\u015bniczy z We\u0142czy, \u00a0dyrekcje szk\u00f3\u0142, z kt\u00f3rymi wsp\u00f3\u0142pracujemy i wiele innych, dlatego\u00a0mamy nadziej\u0119, \u017ce dobrze zrealizujemy<br \/>\npodj\u0119te zobowi\u0105zanie.<\/p>\n<p><a href=\"http:\/\/zswlp.pl\/wp-content\/uploads\/LOGO5_male.jpg\"><img loading=\"lazy\" decoding=\"async\" class=\"size-full wp-image-59 aligncenter\" src=\"http:\/\/zswlp.pl\/wp-content\/uploads\/LOGO5_male.jpg\" alt=\"LOGO5_male\" width=\"269\" height=\"176\" \/><\/a><\/p>\n<p>&nbsp;<\/p>\n<p><a href=\"http:\/\/zswlp.pl\/wp-content\/uploads\/dzialaj_lokalnie_logo_cmyk.jpg\"><img loading=\"lazy\" decoding=\"async\" class=\"size-medium wp-image-60 aligncenter\" src=\"http:\/\/zswlp.pl\/wp-content\/uploads\/dzialaj_lokalnie_logo_cmyk-204x300.jpg\" alt=\"dzialaj_lokalnie_logo_cmyk\" width=\"204\" height=\"300\" srcset=\"https:\/\/zswlp.pl\/wp-content\/uploads\/dzialaj_lokalnie_logo_cmyk-204x300.jpg 204w, https:\/\/zswlp.pl\/wp-content\/uploads\/dzialaj_lokalnie_logo_cmyk-698x1024.jpg 698w\" sizes=\"auto, (max-width: 204px) 100vw, 204px\" \/><\/a><\/p>\n<p>&nbsp;<\/p>\n<p><a href=\"http:\/\/zswlp.pl\/wp-content\/uploads\/logo_pafw_cmyk.jpg\"><img loading=\"lazy\" decoding=\"async\" class=\"alignnone size-medium wp-image-61\" src=\"http:\/\/zswlp.pl\/wp-content\/uploads\/logo_pafw_cmyk-300x31.jpg\" alt=\"logo_pafw_cmyk\" width=\"300\" height=\"31\" srcset=\"https:\/\/zswlp.pl\/wp-content\/uploads\/logo_pafw_cmyk-300x31.jpg 300w, https:\/\/zswlp.pl\/wp-content\/uploads\/logo_pafw_cmyk.jpg 513w\" sizes=\"auto, (max-width: 300px) 100vw, 300px\" \/><\/a><a href=\"http:\/\/zswlp.pl\/wp-content\/uploads\/logo-ARFP-rgb-jpg.jpg\"><img loading=\"lazy\" decoding=\"async\" class=\"alignnone size-medium wp-image-62\" src=\"http:\/\/zswlp.pl\/wp-content\/uploads\/logo-ARFP-rgb-jpg-300x90.jpg\" alt=\"logo-ARFP-rgb-jpg\" width=\"300\" height=\"90\" srcset=\"https:\/\/zswlp.pl\/wp-content\/uploads\/logo-ARFP-rgb-jpg-300x90.jpg 300w, https:\/\/zswlp.pl\/wp-content\/uploads\/logo-ARFP-rgb-jpg-1024x309.jpg 1024w, https:\/\/zswlp.pl\/wp-content\/uploads\/logo-ARFP-rgb-jpg.jpg 1860w\" sizes=\"auto, (max-width: 300px) 100vw, 300px\" \/><\/a><\/p>\n<p>&nbsp;<\/p>\n","protected":false},"excerpt":{"rendered":"<p>Zawojskie Stowarzyszenie W\u0142a\u015bcicieli Las\u00f3w Prywatnych po raz kolejny przyst\u0105pi\u0142o do konkursu grantowego og\u0142oszonego\u00a0przez Babiog\u00f3rskie Stowarzyszenie Zielona Linia w Stryszawie. Przygotowany przez nas projekt zosta\u0142\u00a0wysoko oceniony i otrzyma\u0142 dofinansowanie z Polsko-Ameryka\u0144skiej Fundacji Wolno\u015bci. Jest to tym wi\u0119kszy sukces, \u017ce zdarzy\u0142o\u00a0si\u0119 to nam po raz drugi z\u00a0rz\u0119du. W tym roku przyznano 12\u00a0grant\u00f3w dla ca\u0142ego powiatu suskiego,\u00a0z tego &hellip; <a href=\"https:\/\/zswlp.pl\/?page_id=54\" class=\"more-link\">Czytaj dalej <span class=\"screen-reader-text\">REALIZOWANE PROJEKTY<\/span> <span class=\"meta-nav\">&rarr;<\/span><\/a><\/p>\n","protected":false},"author":2,"featured_media":0,"parent":0,"menu_order":1,"comment_status":"open","ping_status":"open","template":"","meta":{"ngg_post_thumbnail":0,"footnotes":""},"class_list":["post-54","page","type-page","status-publish","hentry"],"_links":{"self":[{"href":"https:\/\/zswlp.pl\/index.php?rest_route=\/wp\/v2\/pages\/54","targetHints":{"allow":["GET"]}}],"collection":[{"href":"https:\/\/zswlp.pl\/index.php?rest_route=\/wp\/v2\/pages"}],"about":[{"href":"https:\/\/zswlp.pl\/index.php?rest_route=\/wp\/v2\/types\/page"}],"author":[{"embeddable":true,"href":"https:\/\/zswlp.pl\/index.php?rest_route=\/wp\/v2\/users\/2"}],"replies":[{"embeddable":true,"href":"https:\/\/zswlp.pl\/index.php?rest_route=%2Fwp%2Fv2%2Fcomments&post=54"}],"version-history":[{"count":8,"href":"https:\/\/zswlp.pl\/index.php?rest_route=\/wp\/v2\/pages\/54\/revisions"}],"predecessor-version":[{"id":253,"href":"https:\/\/zswlp.pl\/index.php?rest_route=\/wp\/v2\/pages\/54\/revisions\/253"}],"wp:attachment":[{"href":"https:\/\/zswlp.pl\/index.php?rest_route=%2Fwp%2Fv2%2Fmedia&parent=54"}],"curies":[{"name":"wp","href":"https:\/\/api.w.org\/{rel}","templated":true}]}}