{"id":32,"date":"2014-12-11T16:26:59","date_gmt":"2014-12-11T16:26:59","guid":{"rendered":"http:\/\/zswlp.pl\/?page_id=32"},"modified":"2014-12-15T22:00:06","modified_gmt":"2014-12-15T22:00:06","slug":"informacje-o-stowarzyszeniu","status":"publish","type":"page","link":"https:\/\/zswlp.pl\/?page_id=32","title":{"rendered":"INFORMACJE O STOWARZYSZENIU"},"content":{"rendered":"<p style=\"text-align: justify;\"><span style=\"font-family: Tahoma; font-size: small;\">Zawojskie Stowarzyszenie W\u0142a\u015bcicieli Las\u00f3w Prywatnych powstato 29.04.2002r. i dzia\u0142a na podstawie przepis\u00f3w ustawy z dnia 7 kwietnia 1989r. (Dz.U. z 2001r Nr 79 poz. 855) oraz Statutu, w kt\u00f3rym zawarte s\u0105 mi\u0119dzy innymi cele, spos\u00f3b zarz\u0105dzania oraz zdobywania \u015brodk\u00f3w na sw\u0105 dzia\u0142alno\u015bc. Jest dobrowolnym, samorz\u0105dowym, trwa\u0142ym zrzeszeniem reprezentuj\u0105cym lokalnych w\u0142a\u015bcicieli las\u00f3w prywatnych b\u0119d\u0105cych czlonkami Stowarzyszenia.<\/span><\/p>\n<p style=\"text-align: justify;\"><strong>W\u0142adzami Stowarzyszenia s\u0105<\/strong>: \u00a0Walne Zgromadzenie Cz\u0142onk\u00f3w, Zarz\u0105d, Komisja Rewizyjna. Kadencja wszystkich w\u0142adz trwa 3 lata, a ich wyboru dokonuje Walne Zgromadzenie Cztonk\u00f3w, kt\u00f3re jest najwy\u017csz\u0105 w\u0142adz\u0105 Stowarzyszenia. W Walnym Zgromadzeniu Cz\u0142onk\u00f3w bior\u0105 udzia\u0142 cz\u0142onkowie zwyczajni z g\u0142osem stanowi\u0105cym oraz cz\u0142onkowie wspieraj\u0105cy, honorowi i zaproszeni go\u015bcie z g\u0142osem doradczym.<\/p>\n<p style=\"text-align: justify;\"><strong>Zarz\u0105d<\/strong> kieruje ca\u0142okszta\u0142tem dzia\u0142alno\u015bci Stowarzyszenia zgodnie z uchwa\u0142ami Walnego Zgromadzenia Cz\u0142onk\u00f3w, reprezentuje Stowarzyszenie na zewn\u0105trz i ponosi odpowiedzialno\u015b\u0107 przed Walnym Zgromadzeniem. Zarz\u0105d sk\u0142ada si\u0119 z 5 cz\u0142onk\u00f3w (w tym Prezesa &#8211; Jan Smyrak, Vice-Prezesa &#8211; Stefan Smyrak, Sekretarza &#8211; Maciej M\u0119tel i Skarbnika &#8211; Dorota Piwko) powo\u0142ywanych i odwo\u0142ywanych przez Walne Zgromadzenie Cz\u0142onk\u00f3w.<\/p>\n<p style=\"text-align: justify;\">Komisja Rewizyjna jest wladz\u0105 Stowarzyszenia powo\u0142an\u0105 do sprawowania kontroli nad dzia\u0142alno\u015bci\u0105 Zarz\u0105du. Sk\u0142ada si\u0119 z trzech cz\u0142onk\u00f3w (w tym Przewodnicz\u0105cego \u00a0 \u00a0 \u00a0 \u00a0 \u00a0 \u00a0 \u00a0 \u00a0 \u00a0 \u00a0 \u00a0 \u00a0 \u00a0 \u00a0 \u00a0 \u00a0 \u00a0 \u00a0 \u00a0 \u00a0i Sekretarza), powo\u0142ywanych i odwo\u0142ywanych przez Walne Zgromadzenie Cz\u0142onk\u00f3w.<\/p>\n<p style=\"text-align: justify;\">Zawojskie Stowarzyszenie W\u0142a\u015bcicieli Las\u00f3w Prywatnych zrzesza obecnie 75 cz\u0142onk\u00f3w, \u00a0 \u00a0 \u00a0 \u00a0 w tym 69 cz\u0142onk\u00f3w zwyczajnych regularnie p\u0142ac\u0105cych sta\u0142e sk\u0142adki cz\u0142onkowskie w wysoko\u015bci 3\u00f3,OOz\u0142 rocznie i 6 cz\u0142onk\u00f3w honorowych (starosta &#8211; Andrzej Suski, Marek Listwan, Urban Larson &#8211; Szwecja, Instytut Przyrody PAN &#8211; Tadeusz Zaj\u0105c, \u015aliwowski Jacek, Dariusz Racu\u0142t). Ca\u0142kowity roczny bud\u017cet za rok 2002 wyni\u00f3s\u0142 4290,00z\u0142.<\/p>\n<p><strong>Celem Stowarzyszenia jest:<\/strong><\/p>\n<ul>\n<li><span style=\"font-family: Tahoma; font-size: medium;\"><span style=\"font-family: Tahoma; font-size: small;\">popieranie inicjatyw spo\u0142ecznych dotycz\u0105cych las\u00f3w prywatnych,<\/span><\/span><\/li>\n<li><span style=\"font-family: Tahoma; font-size: medium;\"><span style=\"font-family: Tahoma; font-size: small;\">krzewienie w\u015br\u00f3d spo\u0142ecze\u0144stwa idei ochrony \u015brodowiska przyrodniczego,<\/span><\/span><\/li>\n<li><span style=\"font-family: Tahoma; font-size: medium;\"><span style=\"font-family: Tahoma; font-size: small;\">podejmowanie dzia\u0142a\u0144 maj\u0105cych na celu zintegrowanie \u015brodowiska prywatnych w\u0142a\u015bcicieli las\u00f3w,<\/span><\/span><\/li>\n<li><span style=\"font-family: Tahoma; font-size: medium;\"><span style=\"font-family: Tahoma; font-size: small;\">szkolenie cz\u0142onk\u00f3w Stowarzyszenia oraz prowadzenie kurs\u00f3w podnosz\u0105cych ich kwalifikacje,<\/span><\/span><\/li>\n<li><span style=\"font-family: Tahoma; font-size: medium;\"><span style=\"font-family: Tahoma; font-size: small;\">reprezentowanie interes\u00f3w cz\u0142onk\u00f3w wobec organ\u00f3w administracji pa\u0144stwowej, instytucji publicznych i prywatnych oraz podmiot\u00f3w prowadz\u0105cych dzia\u0142alno\u015b\u0107 gospodarcz\u0105,<\/span><\/span><\/li>\n<li><span style=\"font-family: Tahoma; font-size: medium;\"><span style=\"font-family: Tahoma; font-size: small;\">wsp\u00f3\u0142praca z organizacjami i instytucjami dzia\u0142aj\u0105cymi na terenie kraju i zagranicy, kt\u00f3re w swoich programach uwzg1\u0119dniaj\u0105 problematyk\u0119 ochrony \u015brodowiska, zagospodarowania las\u00f3w prywatnych oraz promowanie rozwoju regionalnego,<\/span><\/span><\/li>\n<li><span style=\"font-family: Tahoma; font-size: medium;\"><span style=\"font-family: Tahoma; font-size: small;\">wyst\u0119powanie z inicjatywami wobec organ\u00f3w administracji pa\u0144stwowej w sprawach szeroko rozumianej dzia\u0142alno\u015bci na rzecz las\u00f3w prywatnych, ocbrony \u015brodowiska oraz rozwoju regionalnego,<\/span><\/span><\/li>\n<li><span style=\"font-family: Tahoma; font-size: medium;\"><span style=\"font-family: Tahoma; font-size: small;\">oddzia\u0142ywanie na organy administracji pa\u0144stwowej celem kszta\u0142towania polityki gospodarczej i ekonomicznej na rzecz las\u00f3w niepa\u0144stwowych i promowanie rozwoju regionalnego,<\/span><\/span><\/li>\n<li><span style=\"font-family: Tahoma; font-size: medium;\"><span style=\"font-family: Tahoma; font-size: small;\">podejmowanie inicjatyw lub wsp\u00f3\u0142udzial w kszta\u0142towaniu akt\u00f3w prawnych reguluj\u0105cych sytuacj\u0119 las\u00f3w prywatnych oraz innych spraw maj\u0105cych wplyw na \u017bycie czlonk\u00f3w Stowarzyszenia,<\/span><\/span><\/li>\n<li><span style=\"font-family: Tahoma; font-size: medium;\"><span style=\"font-family: Tahoma; font-size: small;\">podejmowanie dziala\u0144 maj\u0105cych na celu uregulowanie stosunk\u00f3w w\u0142asno\u015bciowych w lasach prywatnych,<\/span><\/span><\/li>\n<\/ul>\n<p>&nbsp;<\/p>\n<p align=\"justify\">Zawojskie Stowarzyszenie W\u0142a\u015bcicieli Las\u00f3w Prywatnych<strong> funkcjonuje 12 lat<\/strong> i jego\u00a0cz\u0142onkowie posiadaj\u0105 spore do\u015bwiadczenie w anga\u017cowaniu spo\u0142eczno\u015bci lokalnej w realizacj\u0119 projekt\u00f3w \u0142\u0105cz\u0105cych ochron\u0119 \u015brodowiska i popraw\u0119 bytu. <strong>Samo Stowarzyszenie powsta\u0142o jako efekt realizacji projektu Phare Acces Programme: &#8222;Promowanie ochrony \u015brodowiska i zr\u00f3wnowa\u017conego rozwoju las\u00f3w w Polsce&#8221;<\/strong> a jego cz\u0142onkowie niejednokrotnie realizowali podobne zadania w ramach innych lokalnych Stowarzysze\u0144, jak np. Stowarzyszenie Inicjatyw Babiog\u00f3rskich. Dotychczas ZSWLP k\u0142ad\u0142o nacisk na szkolenie swoich Cz\u0142onk\u00f3w w dziedzinie ochrony \u015brodowiska ze szczeg\u00f3lnym uwzgl\u0119dnieniem ochrony ekosystem\u00f3w le\u015bnych i zr\u00f3wnowa\u017conego rozwoju las\u00f3w, aby unikn\u0105\u0107 wielu zagro\u017ce\u0144 jakie niesie dla \u015brodowiska nieodpowiednia gospodarka zasobami le\u015bnymi. Szkolenia prowadzone byly zar\u00f3wno w kraju jak i za granic\u0105 w ramach w\/w projektu realizowanego wsp\u00f3lnie z Fundacj\u0105<strong> IUCN Poland<\/strong>, kt\u00f3ra we wsp\u00f3\u0142pracy z <strong>BELTRA RESOURCES Ireland<\/strong> byla koordynatorem projektu. Cz\u0142onkowie Stowarzyszenia mi\u0119dzy innymi odbyli szkolenie w Szwecji, gdzie zapoznali si\u0119 z prowadzonymi metodami gospodarki le\u015bnej oraz sposobami wykorzystania biomasy do wytwarzania energii cieplnej.<\/p>\n<p>W ramach przygotowania projektu oraz jego realizacji Stowarzyszenie ci\u0105gle wsp\u00f3\u0142pracuje i b\u0119dzie wsp\u00f3\u0142pracowa\u0107 ze specjalistami takich instytucji jak Instytut Ochrony Przyrody PAN w Krakowie, Nadle\u015bnictwo Sucha i Babiog\u00f3rski Park Narodowy, kt\u00f3rzy zajmuj\u0105 si\u0119 zawodowo zagadnieniami obejmuj\u0105cymi zakres projektu. Nadmieni\u0107 nale\u017cy, \u017ce szeregi Stowarzyszenia zasilaj\u0105 r\u00f3wnie\u017c osoby posiadaj\u0105ce wykszta\u0142cenie le\u015bne, czynni zawodowo, kt\u00f3rym problematyka zawarta w projekcie jest doskonale znana.<\/p>\n","protected":false},"excerpt":{"rendered":"<p>Zawojskie Stowarzyszenie W\u0142a\u015bcicieli Las\u00f3w Prywatnych powstato 29.04.2002r. i dzia\u0142a na podstawie przepis\u00f3w ustawy z dnia 7 kwietnia 1989r. (Dz.U. z 2001r Nr 79 poz. 855) oraz Statutu, w kt\u00f3rym zawarte s\u0105 mi\u0119dzy innymi cele, spos\u00f3b zarz\u0105dzania oraz zdobywania \u015brodk\u00f3w na sw\u0105 dzia\u0142alno\u015bc. Jest dobrowolnym, samorz\u0105dowym, trwa\u0142ym zrzeszeniem reprezentuj\u0105cym lokalnych w\u0142a\u015bcicieli las\u00f3w prywatnych b\u0119d\u0105cych czlonkami Stowarzyszenia. &hellip; <a href=\"https:\/\/zswlp.pl\/?page_id=32\" class=\"more-link\">Czytaj dalej <span class=\"screen-reader-text\">INFORMACJE O STOWARZYSZENIU<\/span> <span class=\"meta-nav\">&rarr;<\/span><\/a><\/p>\n","protected":false},"author":2,"featured_media":239,"parent":0,"menu_order":0,"comment_status":"open","ping_status":"open","template":"","meta":{"ngg_post_thumbnail":0,"footnotes":""},"class_list":["post-32","page","type-page","status-publish","has-post-thumbnail","hentry"],"_links":{"self":[{"href":"https:\/\/zswlp.pl\/index.php?rest_route=\/wp\/v2\/pages\/32","targetHints":{"allow":["GET"]}}],"collection":[{"href":"https:\/\/zswlp.pl\/index.php?rest_route=\/wp\/v2\/pages"}],"about":[{"href":"https:\/\/zswlp.pl\/index.php?rest_route=\/wp\/v2\/types\/page"}],"author":[{"embeddable":true,"href":"https:\/\/zswlp.pl\/index.php?rest_route=\/wp\/v2\/users\/2"}],"replies":[{"embeddable":true,"href":"https:\/\/zswlp.pl\/index.php?rest_route=%2Fwp%2Fv2%2Fcomments&post=32"}],"version-history":[{"count":5,"href":"https:\/\/zswlp.pl\/index.php?rest_route=\/wp\/v2\/pages\/32\/revisions"}],"predecessor-version":[{"id":244,"href":"https:\/\/zswlp.pl\/index.php?rest_route=\/wp\/v2\/pages\/32\/revisions\/244"}],"wp:featuredmedia":[{"embeddable":true,"href":"https:\/\/zswlp.pl\/index.php?rest_route=\/wp\/v2\/media\/239"}],"wp:attachment":[{"href":"https:\/\/zswlp.pl\/index.php?rest_route=%2Fwp%2Fv2%2Fmedia&parent=32"}],"curies":[{"name":"wp","href":"https:\/\/api.w.org\/{rel}","templated":true}]}}