{"id":200,"date":"2014-12-13T23:57:27","date_gmt":"2014-12-13T23:57:27","guid":{"rendered":"http:\/\/zswlp.pl\/?page_id=200"},"modified":"2014-12-14T00:03:04","modified_gmt":"2014-12-14T00:03:04","slug":"statut-stowarzyszenia","status":"publish","type":"page","link":"https:\/\/zswlp.pl\/?page_id=200","title":{"rendered":"STATUT STOWARZYSZENIA"},"content":{"rendered":"<p style=\"text-align: center;\"><strong><a href=\"http:\/\/zswlp.pl\/wp-content\/uploads\/images1.jpg\"><img loading=\"lazy\" decoding=\"async\" class=\"alignleft  wp-image-204\" src=\"http:\/\/zswlp.pl\/wp-content\/uploads\/images1.jpg\" alt=\"images\" width=\"176\" height=\"193\" \/><\/a>STATUT<\/strong><br \/>\n<strong> ZAWOJSKIEGO STOWARZYSZENIA W\u0141A\u015aCICIELI LAS\u00d3W PRYWATNYCH<\/strong><br \/>\n<strong> ROZDZIA\u0141 I<\/strong><!--more--><br \/>\nPostanowienia og\u00f3lne<br \/>\n\u00a7 1<br \/>\nStowarzyszenie o nazwie \u201eZawojskie Stowarzyszenie W\u0142a\u015bcicieli Las\u00f3w Prywatnych\u201d zwane dalej<br \/>\nStowarzyszeniem, jest dobrowolnym, samorz\u0105dowym, trwa\u0142ym zrzeszeniem o celach niezarobkowych,<br \/>\ndzia\u0142aj\u0105cym na podstawie przepis\u00f3w ustawy z dnia 7 kwietnia 1989 r. &#8211; Prawo o stowarzyszeniach (Dz. U. z<br \/>\n2001 r. Nr 79, poz. 855) oraz niniejszego statutu.<br \/>\n\u00a7 2<\/p>\n<p style=\"text-align: center;\">Siedzib\u0105 Stowarzyszenia jest miejscowo\u015b\u0107 Zawoja .<br \/>\n\u00a7 3<br \/>\nStowarzyszenie dzia\u0142a na obszarze Rzeczypospolitej Polskiej.<br \/>\n\u00a7 4<br \/>\nStowarzyszenie posiada osobowo\u015b\u0107 prawn\u0105.<\/p>\n<p style=\"text-align: center;\">\u00a7 5<br \/>\nStowarzyszenie mo\u017ce by\u0107 cz\u0142onkiem krajowych i mi\u0119dzynarodowych organizacji o podobnym celu dzia\u0142ania.<br \/>\n\u00a7 6<br \/>\nStowarzyszenie u\u017cywa god\u0142a i piecz\u0119ci:<br \/>\n1) Odznak\u0105 organizacyjn\u0105 Stowarzyszenia jest emblemat z napisem: \u201eZawojskie Stowarzyszenie W\u0142a\u015bcicieli<br \/>\nLas\u00f3w Prywatnych\u201d<br \/>\n2) Stowarzyszenie u\u017cywa piecz\u0119ci okr\u0105g\u0142ej z napisem w otoku: \u201eZawojskie Stowarzyszenie W\u0142a\u015bcicieli Las\u00f3w<br \/>\nPrywatnych\u201d i prostok\u0105tnej z napisem w \u015brodku \u201eZawojskie Stowarzyszenie W\u0142a\u015bcicieli Las\u00f3w Prywatnych\u201d,<br \/>\nZawoja 1476, 34-222 Zawoja.<br \/>\nROZDZIA\u0141 II<br \/>\nCele i \u015brodki dzia\u0142ania<br \/>\n\u00a7 7<br \/>\nCelem Stowarzyszenia jest:<br \/>\n1) popieranie inicjatyw spo\u0142ecznych dotycz\u0105cych las\u00f3w prywatnych,<br \/>\n2) krzewienie w\u015br\u00f3d spo\u0142ecze\u0144stwa idei ochrony \u015brodowiska przyrodniczego,<br \/>\n3) podejmowanie dzia\u0142a\u0144 maj\u0105cych na celu zintegrowanie \u015brodowiska prywatnych w\u0142a\u015bcicieli las\u00f3w,<br \/>\n4) szkolenie cz\u0142onk\u00f3w Stowarzyszenia oraz prowadzenie kurs\u00f3w podnosz\u0105cych ich kwalifikacje,<br \/>\n5) reprezentowanie interes\u00f3w cz\u0142onk\u00f3w wobec organ\u00f3w administracji pa\u0144stwowej, instytucji publicznych i<br \/>\nprywatnych oraz podmiot\u00f3w prowadz\u0105cych dzia\u0142alno\u015b\u0107 gospodarcz\u0105,<br \/>\n6) wsp\u00f3\u0142praca z organizacjami i instytucjami dzia\u0142aj\u0105cymi na terenie kraju i zagranicy, kt\u00f3re w swoich<br \/>\nprogramach uwzgl\u0119dniaj\u0105 problematyk\u0119 ochrony \u015brodowiska, zagospodarowania las\u00f3w prywatnych oraz<br \/>\npromowanie rozwoju regionalnego,<br \/>\n7) wyst\u0119powanie z inicjatywami wobec organ\u00f3w administracji pa\u0144stwowej w sprawach szeroko rozumianej<br \/>\ndzia\u0142alno\u015bci na rzecz las\u00f3w prywatnych, ochrony \u015brodowiska oraz rozwoju regionalnego,<br \/>\n8) oddzia\u0142ywanie na organy administracji pa\u0144stwowej celem kszta\u0142towania polityki gospodarczej i<br \/>\nekonomicznej na rzecz las\u00f3w niepa\u0144stwowych i promowanie rozwoju regionalnego,<br \/>\n9) podejmowanie inicjatyw lub wsp\u00f3\u0142udzia\u0142 w kszta\u0142towaniu akt\u00f3w prawnych reguluj\u0105cych sytuacj\u0119 las\u00f3w<br \/>\nprywatnych oraz innych spraw maj\u0105cych wp\u0142yw na \u017cycie cz\u0142onk\u00f3w Stowarzyszenia.<br \/>\n10) podejmowanie dzia\u0142a\u0144 maj\u0105cych na celu uregulowanie stosunk\u00f3w w\u0142asno\u015bciowych w lasach prywatnych. 2<br \/>\n\u00a7 8<br \/>\nStowarzyszenie realizuje swoje cele przez:<br \/>\n1) pozyskiwanie funduszy w kraju i zagranic\u0105,<br \/>\n2) dzia\u0142alno\u015b\u0107 edukacyjn\u0105 a szczeg\u00f3lnie:<br \/>\na) organizowanie kurs\u00f3w, szkole\u0144, wyk\u0142ad\u00f3w i prelekcji,<br \/>\nb) organizowanie konferencji, seminari\u00f3w i narad,<br \/>\n3) promocj\u0119 i pomoc dla prywatnych w\u0142a\u015bcicieli las\u00f3w i innych cz\u0142onk\u00f3w lokalnej spo\u0142eczno\u015bci, szk\u00f3\u0142 oraz<br \/>\norganizacji m\u0142odzie\u017cowych,<br \/>\n4) lobbing w zakresie dzia\u0142alno\u015bci promuj\u0105cej rozw\u00f3j regionalny, ochron\u0119 \u015brodowiska, a w szczeg\u00f3lno\u015bci<br \/>\nochron\u0119 las\u00f3w,<br \/>\n5) dzia\u0142ania charytatywne,<br \/>\n6) wsp\u00f3\u0142praca z:<br \/>\na) organizacjami spo\u0142ecznymi, instytucjami krajowymi i zagranicznymi, dzia\u0142aj\u0105cymi na rzecz \u015brodowisk<br \/>\nlokalnych,<br \/>\nb) organami administracji publicznej,<br \/>\nc) organizacjami gospodarczymi,<br \/>\nd) ko\u015bcio\u0142ami i zwi\u0105zkami wyznaniowymi,<br \/>\n7) aktywne dzia\u0142anie w zakresie wspomagania gospodarki le\u015bnej w sektorze gospodarstw prywatnych,<br \/>\n8) wyst\u0119powanie z inicjatywami wobec lokalnych w\u0142adz administracyjnych w sprawach szeroko rozumianej<br \/>\ndzia\u0142alno\u015bci na rzecz las\u00f3w prywatnych, ochrony \u015brodowiska oraz rozwoju regionalnego,<br \/>\n9) podejmowanie dzia\u0142a\u0144 profilaktycznych w zakresie ochrony las\u00f3w oraz \u015brodowiska przyrodniczego,<br \/>\n10) prowadzenie dzia\u0142alno\u015bci propagandowej i wydawniczej,<br \/>\n11) wyst\u0119powanie w obronie interes\u00f3w cz\u0142onk\u00f3w Stowarzyszenia wobec organ\u00f3w administracji pa\u0144stwowej,<br \/>\ninstytucji publicznych i prywatnych oraz podmiot\u00f3w prowadz\u0105cych dzia\u0142alno\u015b\u0107 gospodarcz\u0105.<br \/>\n\u00a7 9<br \/>\nStowarzyszenie, dla realizacji statutowych cel\u00f3w, mo\u017ce powo\u0142ywa\u0107 inne organizacje w granicach prawem<br \/>\ndozwolonych.<br \/>\n\u00a7 10<br \/>\nRealizuj\u0105c cele Stowarzyszenie opiera si\u0119 na spo\u0142ecznej pracy cz\u0142onk\u00f3w. Pe\u0142nienie funkcji we w\u0142adzach<br \/>\nStowarzyszenia nie jest p\u0142atne. Stowarzyszenie mo\u017ce zatrudni\u0107 pracownik\u00f3w do prowadzenia swych spraw.<br \/>\nROZDZIA\u0141 III<br \/>\nCz\u0142onkowie Stowarzyszenia, ich prawa i obowi\u0105zki<br \/>\n\u00a7 11<br \/>\n1. Cz\u0142onkami Stowarzyszenia mog\u0105 by\u0107 osoby fizyczne i prawne.<br \/>\n2. Cz\u0142onkowie Stowarzyszenia dziel\u0105 si\u0119 na:<br \/>\na) cz\u0142onk\u00f3w zwyczajnych,<br \/>\nb) cz\u0142onk\u00f3w honorowych,<br \/>\nc) cz\u0142onk\u00f3w wspieraj\u0105cych.<br \/>\n3. Osoba prawna mo\u017ce by\u0107 jedynie cz\u0142onkiem wspieraj\u0105cym.<br \/>\n\u00a7 12<br \/>\n1. Cz\u0142onkiem zwyczajnym Stowarzyszenia mo\u017ce by\u0107 pe\u0142noletni obywatel Rzeczypospolitej Polskiej oraz<br \/>\ncudzoziemiec posiadaj\u0105cy sta\u0142e miejsce zamieszkania na terytorium Rzeczypospolitej Polskiej, kt\u00f3ry z\u0142o\u017cy<br \/>\ndeklaracj\u0119 cz\u0142onkowsk\u0105 wraz z rekomendacj\u0105 od dw\u00f3ch cz\u0142onk\u00f3w Stowarzyszenia.<br \/>\n2. Cz\u0142onkiem honorowym mo\u017ce zosta\u0107 osoba fizyczna, kt\u00f3ra wnios\u0142a wybitny wk\u0142ad w rozw\u00f3j idei<br \/>\nstowarzyszenia lub w inny szczeg\u00f3lny spos\u00f3b wnios\u0142a zas\u0142ugi dla Stowarzyszenia.<br \/>\n3. Cz\u0142onkiem wspieraj\u0105cym Stowarzyszenia mo\u017ce zosta\u0107 osoba fizyczna lub prawna, kt\u00f3ra zadeklaruje na rzecz<br \/>\nStowarzyszenia pomoc finansow\u0105 lub rzeczow\u0105. Osoba prawna dzia\u0142a w Stowarzyszeniu przez swojego<br \/>\nprzedstawiciela.<br \/>\n\u00a7 13<br \/>\n1. Cz\u0142onk\u00f3w zwyczajnych i wspieraj\u0105cych przyjmuje w drodze uchwa\u0142y Zarz\u0105d Stowarzyszenia na podstawie<br \/>\npisemnej deklaracji. 3<br \/>\n2. Nadanie godno\u015bci Cz\u0142onka Honorowego nast\u0119puje przez Walne Zgromadzenie Cz\u0142onk\u00f3w na wniosek<br \/>\nZarz\u0105du.<br \/>\n\u00a7 14<br \/>\n1. Cz\u0142onkowie zwyczajni Stowarzyszenia obowi\u0105zani s\u0105:<br \/>\na) przyczynia\u0107 si\u0119 do wzrostu, roli i znaczenia Stowarzyszenia,<br \/>\nb) dba\u0107 o jego dobre imi\u0119,<br \/>\nc) popiera\u0107 i czynnie realizowa\u0107 cele Stowarzyszenia,<br \/>\nd) przestrzega\u0107 przepis\u00f3w prawa i postanowie\u0144 statutu,<br \/>\ne) regularnie op\u0142aca\u0107 sk\u0142adki i ponosi\u0107 inne op\u0142aty, kt\u00f3rych wysoko\u015b\u0107 okre\u015bla Walne Zgromadzenie<br \/>\nCz\u0142onk\u00f3w,<br \/>\nf) bra\u0107 czynny udzia\u0142 w zebraniach Stowarzyszenia.<br \/>\n2. Cz\u0142onek zwyczajny ma prawo bra\u0107 udzia\u0142 w \u017cyciu Stowarzyszenia, a w szczeg\u00f3lno\u015bci:<br \/>\na) przys\u0142uguje mu czynne i bierne prawo wyborcze,<br \/>\nb) mo\u017ce wnioskowa\u0107 we wszystkich sprawach Stowarzyszenia,<br \/>\nc) korzysta\u0107 z rekomendacji, gwarancji i opieki Stowarzyszenia w swojej dzia\u0142alno\u015bci,<br \/>\nd) korzystania z infrastruktury i pomocy organizacyjnej Stowarzyszenia,<br \/>\ne) korzysta\u0107 z innych mo\u017cliwo\u015bci dzia\u0142ania jakie stwarza swoim cz\u0142onkom Stowarzyszenie.<br \/>\n3. Dowodem cz\u0142onkostwa zwyczajnego jest legitymacja podpisana przez prezesa Zarz\u0105du.<br \/>\n\u00a7 15<br \/>\n1. Cz\u0142onek wspieraj\u0105cy posiada wszystkie prawa cz\u0142onka zwyczajnego, za wyj\u0105tkiem czynnego i biernego prawa<br \/>\nwyborczego.<br \/>\n2. Cz\u0142onek wspieraj\u0105cy zobowi\u0105zany jest do przestrzegania postanowie\u0144 statutu, regulamin\u00f3w i uchwa\u0142 w\u0142adz<br \/>\nStowarzyszenia.<br \/>\n\u00a7 16<br \/>\n1. Cz\u0142onek honorowy posiada wszystkie prawa cz\u0142onka zwyczajnego, za wyj\u0105tkiem czynnego i biernego<br \/>\nprawa wyborczego, a tak\u017ce zwolniony jest od obowi\u0105zku op\u0142acania sk\u0142adek cz\u0142onkowskich.<br \/>\n2. Cz\u0142onek honorowy zobowi\u0105zany jest do przestrzegania postanowie\u0144 statutu, regulamin\u00f3w i uchwa\u0142 w\u0142adz<br \/>\nStowarzyszenia.<br \/>\n\u00a7 17<br \/>\n1. Skre\u015blenie z listy cz\u0142onk\u00f3w Stowarzyszenia nast\u0119puje przez:<br \/>\n1) rezygnacj\u0119 pisemn\u0105 z\u0142o\u017con\u0105 Zarz\u0105dowi,<br \/>\n2) wykluczenie przez Zarz\u0105d Stowarzyszenia w drodze uchwa\u0142y:<br \/>\na) za dzia\u0142alno\u015b\u0107 sprzeczn\u0105 ze statutem Stowarzyszenia,<br \/>\nb) za dzia\u0142alno\u015b\u0107 sprzeczn\u0105 z uchwa\u0142ami Stowarzyszenia,<br \/>\nc) za nieusprawiedliwione nie branie udzia\u0142u w pracach Stowarzyszenia (trzy kolejne nieobecno\u015bci na<br \/>\nWalnym Zgromadzeniu Cz\u0142onk\u00f3w),<br \/>\nd) za nieuregulowanie sk\u0142adek cz\u0142onkowskich przez trzy okresy sk\u0142adkowe,<br \/>\ne) z powodu utraty praw publicznych w wyniku prawomocnego wyroku s\u0105du,<br \/>\n3) \u015bmier\u0107 cz\u0142onka,<br \/>\n4) likwidacji osoby prawnej b\u0119d\u0105cej cz\u0142onkiem Stowarzyszenia, z tym, \u017ce cz\u0142onkostwo nie ustaje w<br \/>\nprzypadku zmian organizacyjnych cz\u0142onka Stowarzyszenia nie powoduj\u0105cych jego likwidacji.<br \/>\n3. Od uchwa\u0142y Zarz\u0105du o wykluczenie ze Stowarzyszenia cz\u0142onkowi przys\u0142uguje prawo odwo\u0142ania si\u0119 do<br \/>\nWalnego Zgromadzenia Cz\u0142onk\u00f3w w terminie 14 dni od dnia otrzymania uchwa\u0142y wraz z uzasadnieniem i<br \/>\npouczeniem o mo\u017cliwo\u015bciach odwo\u0142ania si\u0119.<br \/>\nROZDZIA\u0141 IV<br \/>\nW\u0142adze Stowarzyszenia<br \/>\n\u00a7 18<br \/>\nW\u0142adzami Stowarzyszenia s\u0105:<br \/>\n1) Walne Zgromadzenie Cz\u0142onk\u00f3w,<br \/>\n2) Zarz\u0105d,<br \/>\n3) Komisja Rewizyjna. 4<br \/>\n\u00a7 19<br \/>\n1. Kadencja wszystkich w\u0142adz wybieralnych Stowarzyszenia trwa 3 lata, a ich wyboru dokonuje Walne<br \/>\nZgromadzenie Cz\u0142onk\u00f3w w g\u0142osowaniu tajnym, zwyk\u0142\u0105 wi\u0119kszo\u015bci\u0105 g\u0142os\u00f3w przy obecno\u015bci w pierwszym<br \/>\nterminie przynajmniej po\u0142owy og\u00f3lnej liczby cz\u0142onk\u00f3w uprawnionych do g\u0142osowania, a w drugim terminie<br \/>\nbez wzgl\u0119du na liczb\u0119 obecnych cz\u0142onk\u00f3w. Wyb\u00f3r w\u0142adz nast\u0119puje spo\u015br\u00f3d nieograniczonej liczby<br \/>\nzg\u0142oszonych kandydat\u00f3w. Na cz\u0142onka w\u0142adz wybiera si\u0119 kandydata spo\u015br\u00f3d obecnych cz\u0142onk\u00f3w.<br \/>\n2. W przypadku ust\u0105pienia, wykluczenia lub \u015bmierci cz\u0142onka wybieralnych w\u0142adz Stowarzyszenia w trakcie<br \/>\nkadencji, Walne Zgromadzenie Cz\u0142onk\u00f3w uzupe\u0142nia ich sk\u0142ad na okres do ko\u0144ca danej kadencji w drodze<br \/>\nwybor\u00f3w uzupe\u0142niaj\u0105cych. Ust. 1 stosuje si\u0119 odpowiednio.<br \/>\n\u00a7 20<br \/>\nUchwa\u0142y w\u0142adz Stowarzyszenia, je\u017celi statut nie stanowi inaczej, podejmowane s\u0105 w g\u0142osowaniu jawnym zwyk\u0142\u0105<br \/>\nwi\u0119kszo\u015bci\u0105 g\u0142os\u00f3w, przy obecno\u015bci przynajmniej po\u0142owy cz\u0142onk\u00f3w uprawnionych do g\u0142osowania.<br \/>\nZgromadzeni mog\u0105 uchwali\u0107, \u017ce g\u0142osowanie jest tajne.<br \/>\nWalne Zgromadzenie Cz\u0142onk\u00f3w<br \/>\n\u00a7 21<br \/>\n1. Walne Zgromadzenie Cz\u0142onk\u00f3w jest najwy\u017csz\u0105 w\u0142adz\u0105 Stowarzyszenia.<br \/>\n2. Walne Zgromadzenie Cz\u0142onk\u00f3w mo\u017ce by\u0107 zwyczajne lub nadzwyczajne.<br \/>\n3. W Walnym Zgromadzeniu Cz\u0142onk\u00f3w bior\u0105 udzia\u0142:<br \/>\na) z g\u0142osem stanowi\u0105cym &#8211; cz\u0142onkowie zwyczajni,<br \/>\nb) z g\u0142osem doradczym &#8211; cz\u0142onkowie wspieraj\u0105cy, honorowi i zaproszeni go\u015bcie.<br \/>\n4. W Walnym Zebraniu Cz\u0142onk\u00f3w cz\u0142onkowie zwyczajni i honorowi uczestnicz\u0105 osobi\u015bcie. Cz\u0142onkowie<br \/>\nwspieraj\u0105cy b\u0119d\u0105cy osobami fizycznymi uczestnicz\u0105 w Walnym Zgromadzeniu Cz\u0142onk\u00f3w osobi\u015bcie,<br \/>\nnatomiast b\u0119d\u0105cy osobami prawnymi poprzez swoje organy lub przez pe\u0142nomocnika.<br \/>\n5. O miejscu i terminie i proponowanym porz\u0105dku obrad Zarz\u0105d powiadamia cz\u0142onk\u00f3w Stowarzyszenia co<br \/>\nnajmniej na 14 dni przed terminem Walnego Zgromadzenia Cz\u0142onk\u00f3w. Powiadomienia dokonuje si\u0119 ustnie,<br \/>\nza pisemnym potwierdzeniem jego otrzymania lub listem poleconym. Proponowany porz\u0105dek obrad mo\u017ce<br \/>\nby\u0107 zmieniony przez Walne Zgromadzenie.<br \/>\n\u00a7 22<br \/>\nDo kompetencji Walnego Zgromadzenia Cz\u0142onk\u00f3w w szczeg\u00f3lno\u015bci nale\u017cy:<br \/>\na) uchwalanie statutu i programu dzia\u0142ania Stowarzyszenia,<br \/>\nb) rozpatrywanie i zatwierdzanie sprawozda\u0144 Zarz\u0105du i Komisji Rewizyjnej,<br \/>\nc) uchwalanie regulaminu w\u0142adz Stowarzyszenia,<br \/>\nd) wyb\u00f3r i odwo\u0142ywanie cz\u0142onk\u00f3w w\u0142adz Stowarzyszenia,<br \/>\ne) udzielanie absolutorium ust\u0119puj\u0105cemu Zarz\u0105dowi,<br \/>\nf) uchwalanie zmian statutu,<br \/>\ng) powo\u0142ywanie w drodze podejmowanych uchwa\u0142 innych organizacji,<br \/>\nh) ustalanie wysoko\u015bci sk\u0142adek cz\u0142onkowskich,<br \/>\ni) podejmowanie uchwa\u0142 o rozwi\u0105zaniu Stowarzyszenia i przeznaczenia pozosta\u0142ego po rozwi\u0105zaniu maj\u0105tku,<br \/>\nj) rozpatrywanie odwo\u0142a\u0144, w sprawach cz\u0142onkowskich, od uchwa\u0142 Zarz\u0105du,<br \/>\nk) nadawanie i pozbawianie godno\u015bci Cz\u0142onka Honorowego,<br \/>\nl) rozpatrywanie wniosk\u00f3w i postulat\u00f3w zg\u0142oszonych przez cz\u0142onk\u00f3w Stowarzyszenia lub jego w\u0142adze,<br \/>\nm) podejmowanie uchwa\u0142 w innych sprawach wniesionych pod obrady.<br \/>\n\u00a7 23<br \/>\nUchwa\u0142y Walnego Zebrania Cz\u0142onk\u00f3w podejmowane s\u0105 w g\u0142osowaniu jawnym przy obecno\u015bci w pierwszym<br \/>\nterminie przynajmniej po\u0142owy og\u00f3lnej liczby cz\u0142onk\u00f3w uprawnionych do g\u0142osowania, a w drugim terminie bez<br \/>\nwzgl\u0119du na liczb\u0119 obecnych cz\u0142onk\u00f3w, za wyj\u0105tkiem sytuacji okre\u015blonych w \u00a7 30 i \u00a7 31.<br \/>\n\u00a7 24<br \/>\n1. Walne Zgromadzenie Cz\u0142onk\u00f3w zwo\u0142ywane jest raz w roku przez Zarz\u0105d Stowarzyszenia i obraduje wed\u0142ug<br \/>\nuchwalonego regulaminu. Cz\u0142onkom przys\u0142uguje prawo wniesienia na pi\u015bmie zastrze\u017ce\u0144 co do terminu<br \/>\nWalnego Zgromadzenia. Zarz\u0105d ustali nowy termin Walnego Zgromadzenia w przypadku z\u0142o\u017cenia<br \/>\nzastrze\u017ce\u0144 przez co najmniej po\u0142ow\u0119 cz\u0142onk\u00f3w.<br \/>\n2. Nadzwyczajne Walne Zgromadzenie mo\u017ce by\u0107 zwo\u0142ane:<br \/>\na) na pisemny wniosek Komisji Rewizyjnej,<br \/>\nb) z inicjatywy Zarz\u0105du, 5<br \/>\nc) na wniosek co najmniej 1\/3 cz\u0142onk\u00f3w Stowarzyszenia.<br \/>\n3. W przypadkach okre\u015blonych w ust. 2 nale\u017cy poda\u0107 cel zwo\u0142ania Nadzwyczajnego Walnego Zgromadzenia.<br \/>\n4. Je\u017celi Zarz\u0105d nie zwo\u0142a Walnego Zgromadzenia Cz\u0142onk\u00f3w w okresie 30 dni od dnia, w kt\u00f3rym up\u0142yn\u0105\u0142 rok od<br \/>\npoprzedniego Walnego Zgromadzenia, lub gdy up\u0142ynie 30 dni od z\u0142o\u017cenia wniosk\u00f3w okre\u015blonych w ust. 2, lit.<br \/>\na i c Zgromadzenie mo\u017ce by\u0107 zwo\u0142ane przez Komisj\u0119 Rewizyjn\u0105.<br \/>\nZarz\u0105d<br \/>\n\u00a7 25<br \/>\n1. Zarz\u0105d kieruje ca\u0142okszta\u0142tem dzia\u0142alno\u015bci Stowarzyszenia zgodnie z uchwa\u0142ami Walnego Zgromadzenia<br \/>\nCz\u0142onk\u00f3w, reprezentuje Stowarzyszenie na zewn\u0105trz i ponosi odpowiedzialno\u015b\u0107 przed Walnym<br \/>\nZgromadzeniem. Prawo Zarz\u0105du do reprezentowania Stowarzyszenia rozci\u0105ga si\u0119 na wszystkie czynno\u015bci<br \/>\ns\u0105dowe i pozas\u0105dowe zwi\u0105zane z prowadzeniem dzia\u0142alno\u015bci Stowarzyszenia, a w szczeg\u00f3lno\u015bci obejmuje<br \/>\nzawieranie um\u00f3w, sk\u0142adanie i przyjmowanie o\u015bwiadcze\u0144 woli.<br \/>\n2. Zarz\u0105d sk\u0142ada si\u0119 z 5 cz\u0142onk\u00f3w (w tym Prezesa, jednego Vice-Prezesa, Sekretarza i Skarbnika),<br \/>\npowo\u0142ywanych i odwo\u0142ywanych przez Walne Zgromadzenie Cz\u0142onk\u00f3w.<br \/>\n3. Do zakresu dzia\u0142a\u0144 Zarz\u0105du nale\u017cy:<br \/>\na) realizacja cel\u00f3w Stowarzyszenia oraz uchwa\u0142 Walnego Zgromadzenia Cz\u0142onk\u00f3w,<br \/>\nb) kierowanie bie\u017c\u0105c\u0105 prac\u0105 Stowarzyszenia i zarz\u0105dzanie jego maj\u0105tkiem,<br \/>\nc) zwo\u0142ywanie Walnego Zgromadzenia i Nadzwyczajnego Walnego Zgromadzenia Cz\u0142onk\u00f3w,<br \/>\nd) okre\u015blenie szczeg\u00f3\u0142owych kierunk\u00f3w dzia\u0142ania Stowarzyszenia,<br \/>\ne) ustalanie bud\u017cetu i preliminarzy finansowych Stowarzyszenia,<br \/>\nf) przyjmowanie zapis\u00f3w, darowizn, dotacji i subwencji,<br \/>\ng) podejmowanie uchwa\u0142 w sprawach cz\u0142onkowskich w tym przyjmowanie i skre\u015blanie z listy cz\u0142onk\u00f3w,<br \/>\nh) prowadzenie dokumentacji cz\u0142onkowskiej,<br \/>\ni) wnioskowanie o nadanie lub pozbawienie cz\u0142onkostwa honorowego Stowarzyszenia,<br \/>\nj) sk\u0142adanie sprawozda\u0144 ze swojej dzia\u0142alno\u015bci na Walnym Zgromadzeniu Cz\u0142onk\u00f3w,<br \/>\nk) wykonywanie innych zada\u0144 nie przydzielonych przepisami statutu lub ustawami Walnemu Zgromadzeniu<br \/>\nCz\u0142onk\u00f3w,<br \/>\nl) reprezentowanie Stowarzyszenia,<br \/>\nm) opracowanie projektu regulaminu Zarz\u0105du,<br \/>\nn) rozstrzyganie spor\u00f3w mi\u0119dzy cz\u0142onkami,<br \/>\no) przedk\u0142adanie Zebraniu Og\u00f3lnemu Cz\u0142onk\u00f3w wniosk\u00f3w dotycz\u0105cych kierunk\u00f3w dzia\u0142alno\u015bci<br \/>\nStowarzyszenia,<br \/>\np) prowadzenie polityki rozwoju i dzia\u0142alno\u015bci Stowarzyszenia,<br \/>\nr) zaci\u0105gania zobowi\u0105za\u0144 maj\u0105tkowych w wysoko\u015bci nie przekraczaj\u0105cej \u0142\u0105cznej kwoty rocznych sk\u0142adek<br \/>\ncz\u0142onk\u00f3w Stowarzyszenia.<br \/>\n4. Posiedzenia Zarz\u0105du odbywaj\u0105 si\u0119 w razie potrzeby, nie rzadziej jednak ni\u017c raz na trzy miesi\u0105ce.<br \/>\n5. W posiedzeniu Zarz\u0105du mog\u0105 bra\u0107 udzia\u0142 Cz\u0142onkowie Komisji Rewizyjnej oraz zaproszeni go\u015bcie z g\u0142osem<br \/>\ndoradczym.<br \/>\n6. Posiedzeniami i prac\u0105 Zarz\u0105du Stowarzyszenia kieruje Prezes Zarz\u0105du Stowarzyszenia. W razie jego<br \/>\nnieobecno\u015bci zast\u0119puje go Vice-Prezes Zarz\u0105du lub inny wyznaczony cz\u0142onek Zarz\u0105du.<br \/>\n7. Posiedzenia Zarz\u0105du prowadzone s\u0105 w obecno\u015bci co najmniej trzech jego cz\u0142onk\u00f3w. Uchwa\u0142y zapadaj\u0105<br \/>\nzwyk\u0142\u0105 wi\u0119kszo\u015bci\u0105 g\u0142os\u00f3w. W przypadku r\u00f3wnej liczby g\u0142os\u00f3w rozstrzyga g\u0142os przewodnicz\u0105cego obrad.<br \/>\nKomisja Rewizyjna<br \/>\n\u00a7 26<br \/>\n1. Komisja Rewizyjna jest w\u0142adz\u0105 Stowarzyszenia powo\u0142an\u0105 do sprawowania kontroli nad dzia\u0142alno\u015bci\u0105<br \/>\nZarz\u0105du.<br \/>\n2. Komisja Rewizyjna sk\u0142ada si\u0119 z trzech cz\u0142onk\u00f3w (w tym Przewodnicz\u0105cego i Sekretarza), powo\u0142ywanych i<br \/>\nodwo\u0142ywanych przez Walne Zgromadzenie Cz\u0142onk\u00f3w.<br \/>\n3. Cz\u0142onkowie Komisji Rewizyjnej nie mog\u0105 by\u0107 etatowymi pracownikami Stowarzyszenia.<br \/>\n4. Posiedzenia Komisji Rewizyjnej s\u0105 prowadzone przy obecno\u015bci co najmniej 2 cz\u0142onk\u00f3w, w przypadku<br \/>\nr\u00f3wno\u015bci g\u0142os\u00f3w decyduje g\u0142os Przewodnicz\u0105cego.<br \/>\n5. Do zakresu dzia\u0142ania Komisji Rewizyjnej nale\u017cy:<br \/>\na) kontrola bie\u017c\u0105cej pracy Zarz\u0105du,<br \/>\nb) sk\u0142adanie wniosk\u00f3w na Walnym Zgromadzeniu Cz\u0142onk\u00f3w w sprawie absolutorium dla Zarz\u0105du,<br \/>\nc) wyst\u0119powanie z wnioskiem o zwo\u0142anie Nadzwyczajnego Walnego Zgromadzenia,<br \/>\nd) kontrola, przynajmniej raz w roku, finans\u00f3w Stowarzyszenia,<br \/>\ne) sk\u0142adanie na Walnym Zgromadzeniu Cz\u0142onk\u00f3w sprawozdania ze swej dzia\u0142alno\u015bci. 6<br \/>\nROZDZIA\u0141 V<br \/>\nMaj\u0105tek Stowarzyszenia<br \/>\n\u00a7 27<br \/>\n1. Maj\u0105tek Stowarzyszenia powstaje ze sk\u0142adek cz\u0142onkowskich, dotacji, darowizn, spadk\u00f3w, zapis\u00f3w, dochod\u00f3w<br \/>\nz maj\u0105tku Stowarzyszenia, dochod\u00f3w z w\u0142asnej dzia\u0142alno\u015bci oraz z ofiarno\u015bci publicznej.<br \/>\n2. Stowarzyszenie prowadzi gospodark\u0119 finansow\u0105 oraz rachunkowo\u015b\u0107 zgodnie z obowi\u0105zuj\u0105cymi przepisami.<br \/>\n3. Na podstawie uchwa\u0142y Walnego Zgromadzenia Cz\u0142onk\u00f3w Stowarzyszenie mo\u017ce podj\u0105\u0107 dzia\u0142alno\u015b\u0107<br \/>\ngospodarcz\u0105 wed\u0142ug og\u00f3lnych zasad okre\u015blonych przepisami obowi\u0105zuj\u0105cego prawa. Doch\u00f3d z dzia\u0142alno\u015bci<br \/>\ngospodarczej Stowarzyszenia przeznaczany jest na realizacj\u0119 cel\u00f3w statutowych.<br \/>\n\u00a7 28<br \/>\n1. Dla wa\u017cno\u015bci o\u015bwiadczenia woli, pism i dokument\u00f3w w przedmiocie praw i obowi\u0105zk\u00f3w maj\u0105tkowych<br \/>\nStowarzyszenia wymagane s\u0105 podpisy dw\u00f3ch os\u00f3b: Prezesa lub Vice-Prezesa Zarz\u0105du i Skarbnika.<br \/>\n2. Dla wa\u017cno\u015bci innych pism i dokument\u00f3w wymagany jest podpis dw\u00f3ch os\u00f3b: Prezesa lub Vice-Prezesa<br \/>\nZarz\u0105du i innego Cz\u0142onka Zarz\u0105du.<br \/>\n\u00a7 29<br \/>\n1. Gospodarka maj\u0105tkiem Stowarzyszenia prowadzona jest na podstawie preliminarza obejmuj\u0105cego dochody i<br \/>\nwydatki.<br \/>\n2. Rokiem obrachunkowym jest rok kalendarzowy.<br \/>\n3. Preliminarz ustala Zarz\u0105d na swoim pierwszym posiedzeniu w roku kalendarzowym.<br \/>\nROZDZIA\u0141 VI<br \/>\nZmiany statutu i rozwi\u0105zanie stowarzyszenia<br \/>\n\u00a7 30<br \/>\nUchwa\u0142\u0119 w sprawie zmiany statutu podejmuje Walne Zgromadzenie Cz\u0142onk\u00f3w wi\u0119kszo\u015bci\u0105 2\/3 g\u0142os\u00f3w przy<br \/>\nobecno\u015bci co najmniej po\u0142owy cz\u0142onk\u00f3w uprawnionych do g\u0142osowania.<br \/>\n\u00a7 31<br \/>\nUchwa\u0142\u0119 o rozwi\u0105zaniu Stowarzyszenia i przeznaczeniu pozosta\u0142ego maj\u0105tku podejmuje Walne Zgromadzenie<br \/>\nCz\u0142onk\u00f3w wi\u0119kszo\u015bci\u0105 2\/3 g\u0142os\u00f3w przy obecno\u015bci co najmniej po\u0142owy cz\u0142onk\u00f3w uprawnionych do g\u0142osowania.<br \/>\n\u00a7 32<br \/>\n1. Likwidatorami Stowarzyszenia s\u0105 cz\u0142onkowie jego Zarz\u0105du.<br \/>\n2. Obowi\u0105zki likwidatora okre\u015bla ustawa &#8211; Prawo o Stowarzyszeniach.<br \/>\n3. Maj\u0105tek zlikwidowanego Stowarzyszenia przeznacza si\u0119 na cel okre\u015blony w uchwale Walnego Zgromadzenia<br \/>\nCz\u0142onk\u00f3w.<\/p>\n","protected":false},"excerpt":{"rendered":"<p>STATUT ZAWOJSKIEGO STOWARZYSZENIA W\u0141A\u015aCICIELI LAS\u00d3W PRYWATNYCH ROZDZIA\u0141 I<\/p>\n","protected":false},"author":2,"featured_media":0,"parent":0,"menu_order":6,"comment_status":"open","ping_status":"open","template":"","meta":{"ngg_post_thumbnail":0,"footnotes":""},"class_list":["post-200","page","type-page","status-publish","hentry"],"_links":{"self":[{"href":"https:\/\/zswlp.pl\/index.php?rest_route=\/wp\/v2\/pages\/200","targetHints":{"allow":["GET"]}}],"collection":[{"href":"https:\/\/zswlp.pl\/index.php?rest_route=\/wp\/v2\/pages"}],"about":[{"href":"https:\/\/zswlp.pl\/index.php?rest_route=\/wp\/v2\/types\/page"}],"author":[{"embeddable":true,"href":"https:\/\/zswlp.pl\/index.php?rest_route=\/wp\/v2\/users\/2"}],"replies":[{"embeddable":true,"href":"https:\/\/zswlp.pl\/index.php?rest_route=%2Fwp%2Fv2%2Fcomments&post=200"}],"version-history":[{"count":5,"href":"https:\/\/zswlp.pl\/index.php?rest_route=\/wp\/v2\/pages\/200\/revisions"}],"predecessor-version":[{"id":206,"href":"https:\/\/zswlp.pl\/index.php?rest_route=\/wp\/v2\/pages\/200\/revisions\/206"}],"wp:attachment":[{"href":"https:\/\/zswlp.pl\/index.php?rest_route=%2Fwp%2Fv2%2Fmedia&parent=200"}],"curies":[{"name":"wp","href":"https:\/\/api.w.org\/{rel}","templated":true}]}}