{"id":196,"date":"2014-12-13T23:52:06","date_gmt":"2014-12-13T23:52:06","guid":{"rendered":"http:\/\/zswlp.pl\/?page_id=196"},"modified":"2014-12-15T22:11:05","modified_gmt":"2014-12-15T22:11:05","slug":"kontakt-3","status":"publish","type":"page","link":"https:\/\/zswlp.pl\/?page_id=196","title":{"rendered":"KONTAKT"},"content":{"rendered":"<p><center><span style=\"font-family: Tahoma; font-size: medium;\"><span style=\"font-family: Tahoma; font-size: small;\"><b>Zawojskie Stowarzyszenie W\u0142a\u015bcicieli Las\u00f3w Prywatnych<\/b><\/span><\/span><\/center><\/p>\n<p style=\"text-align: center;\"><b>34-222 Zawoja Centrum 1476<\/b><\/p>\n<p style=\"text-align: center;\"><b>www.zswlp.pl<br \/>\ne-mail: zswlp@wp.pl<br \/>\n<\/b><br \/>\n<b>Telefony kontaktowe:<\/b><br \/>\nTel. +48 33 877 61 31<br \/>\nPrezes: Jan Smyrak, tel. +48 503 137 643<br \/>\nV-ce Prezes: Maciej M\u0119tel, tel. +48 604 405 364<br \/>\nSekretarz: Franciszek Klimasara, Skarbnik: Dorota Piwko<\/p>\n<hr \/>\n<p style=\"text-align: center;\"><strong>FORMULARZ KONTAKTOWY<\/strong><\/p>\n<p style=\"text-align: center;\">\n<div class=\"wpcf7 no-js\" id=\"wpcf7-f221-o1\" lang=\"pl-PL\" dir=\"ltr\" data-wpcf7-id=\"221\">\n<div class=\"screen-reader-response\"><p role=\"status\" aria-live=\"polite\" aria-atomic=\"true\"><\/p> <ul><\/ul><\/div>\n<form action=\"\/index.php?rest_route=%2Fwp%2Fv2%2Fpages%2F196#wpcf7-f221-o1\" method=\"post\" class=\"wpcf7-form init\" aria-label=\"Formularz kontaktowy\" novalidate=\"novalidate\" data-status=\"init\">\n<div style=\"display: none;\">\n<input type=\"hidden\" name=\"_wpcf7\" value=\"221\" \/>\n<input type=\"hidden\" name=\"_wpcf7_version\" value=\"6.0.6\" \/>\n<input type=\"hidden\" name=\"_wpcf7_locale\" value=\"pl_PL\" \/>\n<input type=\"hidden\" name=\"_wpcf7_unit_tag\" value=\"wpcf7-f221-o1\" \/>\n<input type=\"hidden\" name=\"_wpcf7_container_post\" value=\"0\" \/>\n<input type=\"hidden\" name=\"_wpcf7_posted_data_hash\" value=\"\" \/>\n<\/div>\n<p>Imi\u0119 i nazwisko (wymagane)\n<\/p>\n<p><span class=\"wpcf7-form-control-wrap\" data-name=\"your-name\"><input size=\"40\" maxlength=\"400\" class=\"wpcf7-form-control wpcf7-text wpcf7-validates-as-required\" aria-required=\"true\" aria-invalid=\"false\" value=\"\" type=\"text\" name=\"your-name\" \/><\/span>\n<\/p>\n<p>Adres email (wymagane)\n<\/p>\n<p><span class=\"wpcf7-form-control-wrap\" data-name=\"your-email\"><input size=\"40\" maxlength=\"400\" class=\"wpcf7-form-control wpcf7-email wpcf7-validates-as-required wpcf7-text wpcf7-validates-as-email\" aria-required=\"true\" aria-invalid=\"false\" value=\"\" type=\"email\" name=\"your-email\" \/><\/span>\n<\/p>\n<p>Temat\n<\/p>\n<p><span class=\"wpcf7-form-control-wrap\" data-name=\"your-subject\"><input size=\"40\" maxlength=\"400\" class=\"wpcf7-form-control wpcf7-text\" aria-invalid=\"false\" value=\"\" type=\"text\" name=\"your-subject\" \/><\/span>\n<\/p>\n<p>Tre\u015b\u0107 wiadomo\u015bci\n<\/p>\n<p><span class=\"wpcf7-form-control-wrap\" data-name=\"your-message\"><textarea cols=\"40\" rows=\"10\" maxlength=\"2000\" class=\"wpcf7-form-control wpcf7-textarea\" aria-invalid=\"false\" name=\"your-message\"><\/textarea><\/span>\n<\/p>\n<p><input class=\"wpcf7-form-control wpcf7-submit has-spinner\" type=\"submit\" value=\"Wy\u015blij\" \/>\n<\/p><div class=\"wpcf7-response-output\" aria-hidden=\"true\"><\/div>\n<\/form>\n<\/div>\n<\/p>\n","protected":false},"excerpt":{"rendered":"<p>Zawojskie Stowarzyszenie W\u0142a\u015bcicieli Las\u00f3w Prywatnych 34-222 Zawoja Centrum 1476 www.zswlp.pl e-mail: zswlp@wp.pl Telefony kontaktowe: Tel. +48 33 877 61 31 Prezes: Jan Smyrak, tel. +48 503 137 643 V-ce Prezes: Maciej M\u0119tel, tel. +48 604 405 364 Sekretarz: Franciszek Klimasara, Skarbnik: Dorota Piwko FORMULARZ KONTAKTOWY<\/p>\n","protected":false},"author":2,"featured_media":249,"parent":0,"menu_order":4,"comment_status":"open","ping_status":"open","template":"","meta":{"ngg_post_thumbnail":0,"footnotes":""},"class_list":["post-196","page","type-page","status-publish","has-post-thumbnail","hentry"],"_links":{"self":[{"href":"https:\/\/zswlp.pl\/index.php?rest_route=\/wp\/v2\/pages\/196","targetHints":{"allow":["GET"]}}],"collection":[{"href":"https:\/\/zswlp.pl\/index.php?rest_route=\/wp\/v2\/pages"}],"about":[{"href":"https:\/\/zswlp.pl\/index.php?rest_route=\/wp\/v2\/types\/page"}],"author":[{"embeddable":true,"href":"https:\/\/zswlp.pl\/index.php?rest_route=\/wp\/v2\/users\/2"}],"replies":[{"embeddable":true,"href":"https:\/\/zswlp.pl\/index.php?rest_route=%2Fwp%2Fv2%2Fcomments&post=196"}],"version-history":[{"count":9,"href":"https:\/\/zswlp.pl\/index.php?rest_route=\/wp\/v2\/pages\/196\/revisions"}],"predecessor-version":[{"id":247,"href":"https:\/\/zswlp.pl\/index.php?rest_route=\/wp\/v2\/pages\/196\/revisions\/247"}],"wp:featuredmedia":[{"embeddable":true,"href":"https:\/\/zswlp.pl\/index.php?rest_route=\/wp\/v2\/media\/249"}],"wp:attachment":[{"href":"https:\/\/zswlp.pl\/index.php?rest_route=%2Fwp%2Fv2%2Fmedia&parent=196"}],"curies":[{"name":"wp","href":"https:\/\/api.w.org\/{rel}","templated":true}]}}