{"id":109,"date":"2014-12-12T01:42:04","date_gmt":"2014-12-12T01:42:04","guid":{"rendered":"http:\/\/zswlp.pl\/?page_id=109"},"modified":"2014-12-13T23:20:27","modified_gmt":"2014-12-13T23:20:27","slug":"las-wolnosci-w-ramach-dzialaj-lokalnie-2014","status":"publish","type":"page","link":"https:\/\/zswlp.pl\/?page_id=109","title":{"rendered":"&#8222;LAS WOLNO\u015aCI&#8221; w ramach Dzia\u0142aj Lokalnie 2014"},"content":{"rendered":"<p style=\"text-align: left;\"><strong>\u00a0 \u00a0 \u00a0 \u00a0 \u00a0 \u00a0 \u00a0 \u00a0 \u00a0 \u00a0 \u00a0 \u00a0 \u00a0 \u00a0&#8222;LAS WOLNO\u015aCI&#8221;<br \/>\n<\/strong><strong><img loading=\"lazy\" decoding=\"async\" class=\" wp-image-60 alignleft\" src=\"http:\/\/zswlp.pl\/wp-content\/uploads\/dzialaj_lokalnie_logo_cmyk-204x300.jpg\" alt=\"dzialaj_lokalnie_logo_cmyk\" width=\"93\" height=\"137\" srcset=\"https:\/\/zswlp.pl\/wp-content\/uploads\/dzialaj_lokalnie_logo_cmyk-204x300.jpg 204w, https:\/\/zswlp.pl\/wp-content\/uploads\/dzialaj_lokalnie_logo_cmyk-698x1024.jpg 698w\" sizes=\"auto, (max-width: 93px) 100vw, 93px\" \/>Dzia\u0142aj Lokalnie 2014<\/strong><\/p>\n<p style=\"text-align: left;\"><strong>Relacja z kolejnego projektu finansowanego z programu Dzia\u0142aj Lokalnie.\u00a0<strong>Projekt &#8222;Najwy\u017cszy czas posadzi\u0107 las \u2013 dla uczczenia odzyskania wolno\u015bci&#8221; realizowany jest przez Zawojskie Stowarzyszenie W\u0142a\u015bcicieli Las\u00f3w Prywatnych.<\/strong><\/strong><\/p>\n<p style=\"text-align: left;\"><strong>Posadzono symboliczny \u201eLas wolno\u015bci\u201d<\/strong><\/p>\n<p><a href=\"http:\/\/zswlp.pl\/wp-content\/uploads\/IMG_4589.jpg\"><img loading=\"lazy\" decoding=\"async\" class=\"wp-image-110 aligncenter\" src=\"http:\/\/zswlp.pl\/wp-content\/uploads\/IMG_4589-300x225.jpg\" alt=\"IMG_4589\" width=\"313\" height=\"235\" srcset=\"https:\/\/zswlp.pl\/wp-content\/uploads\/IMG_4589-300x225.jpg 300w, https:\/\/zswlp.pl\/wp-content\/uploads\/IMG_4589-1024x768.jpg 1024w, https:\/\/zswlp.pl\/wp-content\/uploads\/IMG_4589.jpg 1600w\" sizes=\"auto, (max-width: 313px) 100vw, 313px\" \/><\/a><\/p>\n<p>19 wrze\u015bnia 2014 r.na skwerku edukacyjnym w Zawoi posadzono symboliczny \u201eLas wolno\u015bci\u2019 . W ten spos\u00f3b uczczono dwudziest\u0105 pi\u0105t\u0105 rocznic\u0119 odzyskania wolno\u015bci. By\u0142o to jedno z dzia\u0142a\u0144 realizowanych w ramach projektu \u201eNajwy\u017cszy czas posadzi\u0107 las \u2013 dla uczczenia odzyskania wolno\u015bci\u201d. W przygotowane dzia\u0142ania zaanga\u017cowano czterdzie\u015bci dzieci i m\u0142odzie\u017c ze szk\u00f3\u0142 podstawowych i ponadgimnazjalnych. Starsi wykopywali do\u0142ki pod drzewka, przygotowali odpowiedni\u0105 ziemi\u0119, aby \u00a0sadzonki lepiej si\u0119 przyj\u0119\u0142y, \u00a0uporz\u0105dkowali teren i ustawili tablice informacyjn\u0105, m\u0142odsi za\u015b pikowali siewki do doniczek ziemnych. Posadzono drzewka wychodowane we w\u0142asnej szk\u00f3\u0142ce: d\u0119by, buki, jawory, modrzewie, sosny, kilka odmian \u015bwierk\u00f3w, daglezje i jod\u0142y.<\/p>\n<p>Dopisali tak\u017ce zaproszeni go\u015bcie, m.in. Tadeusz Chowaniak W\u00f3jt Gminy Zawoja, Jolanta Bojarowicz So\u0142tys so\u0142ectwa We\u0142cza, Micha\u0142 Osika &#8211; Le\u015bniczy, Anna Kulka Dyrektor Babiog\u00f3rskiego Centrum Kultury. Niekt\u00f3rzy z go\u015bci posadzili nawet swoje drzewka. Dzi\u0119ki tej akcji le\u015bny skwerek edukacyjny zyska\u0142 kolejny ciekawy obiekt do zwiedzania, a Zawoja now\u0105 atrakcje turystyczn\u0105. Uroczysto\u015b\u0107 zako\u0144czono wsp\u00f3lnym ogniskiem i pocz\u0119stunkiem.<\/p>\n<p><strong><strong>Zapraszamy do obejrzenia galerii zdj\u0119\u0107.<\/strong><\/strong><a href=\"http:\/\/zswlp.pl\/wp-content\/uploads\/IMG_4528.jpg\"><br \/>\n<\/a><\/p>\n<div id='gallery-1' class='gallery galleryid-109 gallery-columns-6 gallery-size-thumbnail'><figure class='gallery-item'>\n\t\t\t<div class='gallery-icon landscape'>\n\t\t\t\t<a href='https:\/\/zswlp.pl\/wp-content\/uploads\/IMG_4524.jpg'><img loading=\"lazy\" decoding=\"async\" width=\"150\" height=\"150\" src=\"https:\/\/zswlp.pl\/wp-content\/uploads\/IMG_4524-150x150.jpg\" class=\"attachment-thumbnail size-thumbnail\" alt=\"\" \/><\/a>\n\t\t\t<\/div><\/figure><figure class='gallery-item'>\n\t\t\t<div class='gallery-icon landscape'>\n\t\t\t\t<a href='https:\/\/zswlp.pl\/wp-content\/uploads\/IMG_4517.jpg'><img loading=\"lazy\" decoding=\"async\" width=\"150\" height=\"150\" src=\"https:\/\/zswlp.pl\/wp-content\/uploads\/IMG_4517-150x150.jpg\" class=\"attachment-thumbnail size-thumbnail\" alt=\"\" \/><\/a>\n\t\t\t<\/div><\/figure><figure class='gallery-item'>\n\t\t\t<div class='gallery-icon landscape'>\n\t\t\t\t<a href='https:\/\/zswlp.pl\/wp-content\/uploads\/IMG_4504.jpg'><img loading=\"lazy\" decoding=\"async\" width=\"150\" height=\"150\" src=\"https:\/\/zswlp.pl\/wp-content\/uploads\/IMG_4504-150x150.jpg\" class=\"attachment-thumbnail size-thumbnail\" alt=\"\" \/><\/a>\n\t\t\t<\/div><\/figure><figure class='gallery-item'>\n\t\t\t<div class='gallery-icon landscape'>\n\t\t\t\t<a href='https:\/\/zswlp.pl\/wp-content\/uploads\/IMG_4498.jpg'><img loading=\"lazy\" decoding=\"async\" width=\"150\" height=\"150\" src=\"https:\/\/zswlp.pl\/wp-content\/uploads\/IMG_4498-150x150.jpg\" class=\"attachment-thumbnail size-thumbnail\" alt=\"\" \/><\/a>\n\t\t\t<\/div><\/figure><figure class='gallery-item'>\n\t\t\t<div class='gallery-icon landscape'>\n\t\t\t\t<a href='https:\/\/zswlp.pl\/wp-content\/uploads\/IMG_4496.jpg'><img loading=\"lazy\" decoding=\"async\" width=\"150\" height=\"150\" src=\"https:\/\/zswlp.pl\/wp-content\/uploads\/IMG_4496-150x150.jpg\" class=\"attachment-thumbnail size-thumbnail\" alt=\"\" \/><\/a>\n\t\t\t<\/div><\/figure><figure class='gallery-item'>\n\t\t\t<div class='gallery-icon landscape'>\n\t\t\t\t<a href='https:\/\/zswlp.pl\/wp-content\/uploads\/IMG_4482.jpg'><img loading=\"lazy\" decoding=\"async\" width=\"150\" height=\"150\" src=\"https:\/\/zswlp.pl\/wp-content\/uploads\/IMG_4482-150x150.jpg\" class=\"attachment-thumbnail size-thumbnail\" alt=\"\" \/><\/a>\n\t\t\t<\/div><\/figure><figure class='gallery-item'>\n\t\t\t<div class='gallery-icon landscape'>\n\t\t\t\t<a href='https:\/\/zswlp.pl\/wp-content\/uploads\/IMG_4596.jpg'><img loading=\"lazy\" decoding=\"async\" width=\"150\" height=\"150\" src=\"https:\/\/zswlp.pl\/wp-content\/uploads\/IMG_4596-150x150.jpg\" class=\"attachment-thumbnail size-thumbnail\" alt=\"\" \/><\/a>\n\t\t\t<\/div><\/figure><figure class='gallery-item'>\n\t\t\t<div class='gallery-icon landscape'>\n\t\t\t\t<a href='https:\/\/zswlp.pl\/wp-content\/uploads\/IMG_4592.jpg'><img loading=\"lazy\" decoding=\"async\" width=\"150\" height=\"150\" src=\"https:\/\/zswlp.pl\/wp-content\/uploads\/IMG_4592-150x150.jpg\" class=\"attachment-thumbnail size-thumbnail\" alt=\"\" \/><\/a>\n\t\t\t<\/div><\/figure><figure class='gallery-item'>\n\t\t\t<div class='gallery-icon landscape'>\n\t\t\t\t<a href='https:\/\/zswlp.pl\/wp-content\/uploads\/IMG_45891.jpg'><img loading=\"lazy\" decoding=\"async\" width=\"150\" height=\"150\" src=\"https:\/\/zswlp.pl\/wp-content\/uploads\/IMG_45891-150x150.jpg\" class=\"attachment-thumbnail size-thumbnail\" alt=\"\" \/><\/a>\n\t\t\t<\/div><\/figure><figure class='gallery-item'>\n\t\t\t<div class='gallery-icon landscape'>\n\t\t\t\t<a href='https:\/\/zswlp.pl\/wp-content\/uploads\/IMG_4585.jpg'><img loading=\"lazy\" decoding=\"async\" width=\"150\" height=\"150\" src=\"https:\/\/zswlp.pl\/wp-content\/uploads\/IMG_4585-150x150.jpg\" class=\"attachment-thumbnail size-thumbnail\" alt=\"\" \/><\/a>\n\t\t\t<\/div><\/figure><figure class='gallery-item'>\n\t\t\t<div class='gallery-icon landscape'>\n\t\t\t\t<a href='https:\/\/zswlp.pl\/wp-content\/uploads\/IMG_4583.jpg'><img loading=\"lazy\" decoding=\"async\" width=\"150\" height=\"150\" src=\"https:\/\/zswlp.pl\/wp-content\/uploads\/IMG_4583-150x150.jpg\" class=\"attachment-thumbnail size-thumbnail\" alt=\"\" \/><\/a>\n\t\t\t<\/div><\/figure><figure class='gallery-item'>\n\t\t\t<div class='gallery-icon landscape'>\n\t\t\t\t<a href='https:\/\/zswlp.pl\/wp-content\/uploads\/IMG_4575.jpg'><img loading=\"lazy\" decoding=\"async\" width=\"150\" height=\"150\" src=\"https:\/\/zswlp.pl\/wp-content\/uploads\/IMG_4575-150x150.jpg\" class=\"attachment-thumbnail size-thumbnail\" alt=\"\" \/><\/a>\n\t\t\t<\/div><\/figure><figure class='gallery-item'>\n\t\t\t<div class='gallery-icon landscape'>\n\t\t\t\t<a href='https:\/\/zswlp.pl\/wp-content\/uploads\/IMG_4572.jpg'><img loading=\"lazy\" decoding=\"async\" width=\"150\" height=\"150\" src=\"https:\/\/zswlp.pl\/wp-content\/uploads\/IMG_4572-150x150.jpg\" class=\"attachment-thumbnail size-thumbnail\" alt=\"\" \/><\/a>\n\t\t\t<\/div><\/figure><figure class='gallery-item'>\n\t\t\t<div class='gallery-icon landscape'>\n\t\t\t\t<a href='https:\/\/zswlp.pl\/wp-content\/uploads\/IMG_4567.jpg'><img loading=\"lazy\" decoding=\"async\" width=\"150\" height=\"150\" src=\"https:\/\/zswlp.pl\/wp-content\/uploads\/IMG_4567-150x150.jpg\" class=\"attachment-thumbnail size-thumbnail\" alt=\"\" \/><\/a>\n\t\t\t<\/div><\/figure><figure class='gallery-item'>\n\t\t\t<div class='gallery-icon landscape'>\n\t\t\t\t<a href='https:\/\/zswlp.pl\/wp-content\/uploads\/IMG_4563.jpg'><img loading=\"lazy\" decoding=\"async\" width=\"150\" height=\"150\" src=\"https:\/\/zswlp.pl\/wp-content\/uploads\/IMG_4563-150x150.jpg\" class=\"attachment-thumbnail size-thumbnail\" alt=\"\" \/><\/a>\n\t\t\t<\/div><\/figure><figure class='gallery-item'>\n\t\t\t<div class='gallery-icon landscape'>\n\t\t\t\t<a href='https:\/\/zswlp.pl\/wp-content\/uploads\/IMG_4562.jpg'><img loading=\"lazy\" decoding=\"async\" width=\"150\" height=\"150\" src=\"https:\/\/zswlp.pl\/wp-content\/uploads\/IMG_4562-150x150.jpg\" class=\"attachment-thumbnail size-thumbnail\" alt=\"\" \/><\/a>\n\t\t\t<\/div><\/figure><figure class='gallery-item'>\n\t\t\t<div class='gallery-icon landscape'>\n\t\t\t\t<a href='https:\/\/zswlp.pl\/wp-content\/uploads\/IMG_4560.jpg'><img loading=\"lazy\" decoding=\"async\" width=\"150\" height=\"150\" src=\"https:\/\/zswlp.pl\/wp-content\/uploads\/IMG_4560-150x150.jpg\" class=\"attachment-thumbnail size-thumbnail\" alt=\"\" \/><\/a>\n\t\t\t<\/div><\/figure><figure class='gallery-item'>\n\t\t\t<div class='gallery-icon landscape'>\n\t\t\t\t<a href='https:\/\/zswlp.pl\/wp-content\/uploads\/IMG_4559.jpg'><img loading=\"lazy\" decoding=\"async\" width=\"150\" height=\"150\" src=\"https:\/\/zswlp.pl\/wp-content\/uploads\/IMG_4559-150x150.jpg\" class=\"attachment-thumbnail size-thumbnail\" alt=\"\" \/><\/a>\n\t\t\t<\/div><\/figure><figure class='gallery-item'>\n\t\t\t<div class='gallery-icon landscape'>\n\t\t\t\t<a href='https:\/\/zswlp.pl\/wp-content\/uploads\/IMG_4558.jpg'><img loading=\"lazy\" decoding=\"async\" width=\"150\" height=\"150\" src=\"https:\/\/zswlp.pl\/wp-content\/uploads\/IMG_4558-150x150.jpg\" class=\"attachment-thumbnail size-thumbnail\" alt=\"\" \/><\/a>\n\t\t\t<\/div><\/figure><figure class='gallery-item'>\n\t\t\t<div class='gallery-icon landscape'>\n\t\t\t\t<a href='https:\/\/zswlp.pl\/wp-content\/uploads\/IMG_4556.jpg'><img loading=\"lazy\" decoding=\"async\" width=\"150\" height=\"150\" src=\"https:\/\/zswlp.pl\/wp-content\/uploads\/IMG_4556-150x150.jpg\" class=\"attachment-thumbnail size-thumbnail\" alt=\"\" \/><\/a>\n\t\t\t<\/div><\/figure><figure class='gallery-item'>\n\t\t\t<div class='gallery-icon landscape'>\n\t\t\t\t<a href='https:\/\/zswlp.pl\/wp-content\/uploads\/IMG_4555.jpg'><img loading=\"lazy\" decoding=\"async\" width=\"150\" height=\"150\" src=\"https:\/\/zswlp.pl\/wp-content\/uploads\/IMG_4555-150x150.jpg\" class=\"attachment-thumbnail size-thumbnail\" alt=\"\" \/><\/a>\n\t\t\t<\/div><\/figure><figure class='gallery-item'>\n\t\t\t<div class='gallery-icon landscape'>\n\t\t\t\t<a href='https:\/\/zswlp.pl\/wp-content\/uploads\/IMG_4554.jpg'><img loading=\"lazy\" decoding=\"async\" width=\"150\" height=\"150\" src=\"https:\/\/zswlp.pl\/wp-content\/uploads\/IMG_4554-150x150.jpg\" class=\"attachment-thumbnail size-thumbnail\" alt=\"\" \/><\/a>\n\t\t\t<\/div><\/figure><figure class='gallery-item'>\n\t\t\t<div class='gallery-icon landscape'>\n\t\t\t\t<a href='https:\/\/zswlp.pl\/wp-content\/uploads\/IMG_4550.jpg'><img loading=\"lazy\" decoding=\"async\" width=\"150\" height=\"150\" src=\"https:\/\/zswlp.pl\/wp-content\/uploads\/IMG_4550-150x150.jpg\" class=\"attachment-thumbnail size-thumbnail\" alt=\"\" \/><\/a>\n\t\t\t<\/div><\/figure><figure class='gallery-item'>\n\t\t\t<div class='gallery-icon landscape'>\n\t\t\t\t<a href='https:\/\/zswlp.pl\/wp-content\/uploads\/IMG_45451.jpg'><img loading=\"lazy\" decoding=\"async\" width=\"150\" height=\"150\" src=\"https:\/\/zswlp.pl\/wp-content\/uploads\/IMG_45451-150x150.jpg\" class=\"attachment-thumbnail size-thumbnail\" alt=\"\" \/><\/a>\n\t\t\t<\/div><\/figure><figure class='gallery-item'>\n\t\t\t<div class='gallery-icon landscape'>\n\t\t\t\t<a href='https:\/\/zswlp.pl\/wp-content\/uploads\/IMG_4540.jpg'><img loading=\"lazy\" decoding=\"async\" width=\"150\" height=\"150\" src=\"https:\/\/zswlp.pl\/wp-content\/uploads\/IMG_4540-150x150.jpg\" class=\"attachment-thumbnail size-thumbnail\" alt=\"\" \/><\/a>\n\t\t\t<\/div><\/figure><figure class='gallery-item'>\n\t\t\t<div class='gallery-icon landscape'>\n\t\t\t\t<a href='https:\/\/zswlp.pl\/wp-content\/uploads\/IMG_4537.jpg'><img loading=\"lazy\" decoding=\"async\" width=\"150\" height=\"150\" src=\"https:\/\/zswlp.pl\/wp-content\/uploads\/IMG_4537-150x150.jpg\" class=\"attachment-thumbnail size-thumbnail\" alt=\"\" \/><\/a>\n\t\t\t<\/div><\/figure><figure class='gallery-item'>\n\t\t\t<div class='gallery-icon landscape'>\n\t\t\t\t<a href='https:\/\/zswlp.pl\/wp-content\/uploads\/IMG_4536.jpg'><img loading=\"lazy\" decoding=\"async\" width=\"150\" height=\"150\" src=\"https:\/\/zswlp.pl\/wp-content\/uploads\/IMG_4536-150x150.jpg\" class=\"attachment-thumbnail size-thumbnail\" alt=\"\" \/><\/a>\n\t\t\t<\/div><\/figure><figure class='gallery-item'>\n\t\t\t<div class='gallery-icon landscape'>\n\t\t\t\t<a href='https:\/\/zswlp.pl\/wp-content\/uploads\/IMG_4545.jpg'><img loading=\"lazy\" decoding=\"async\" width=\"150\" height=\"150\" src=\"https:\/\/zswlp.pl\/wp-content\/uploads\/IMG_4545-150x150.jpg\" class=\"attachment-thumbnail size-thumbnail\" alt=\"\" \/><\/a>\n\t\t\t<\/div><\/figure><figure class='gallery-item'>\n\t\t\t<div class='gallery-icon landscape'>\n\t\t\t\t<a href='https:\/\/zswlp.pl\/wp-content\/uploads\/IMG_4589.jpg'><img loading=\"lazy\" decoding=\"async\" width=\"150\" height=\"150\" src=\"https:\/\/zswlp.pl\/wp-content\/uploads\/IMG_4589-150x150.jpg\" class=\"attachment-thumbnail size-thumbnail\" alt=\"\" \/><\/a>\n\t\t\t<\/div><\/figure><figure class='gallery-item'>\n\t\t\t<div class='gallery-icon landscape'>\n\t\t\t\t<a href='https:\/\/zswlp.pl\/wp-content\/uploads\/IMG_4528.jpg'><img loading=\"lazy\" decoding=\"async\" width=\"150\" height=\"150\" src=\"https:\/\/zswlp.pl\/wp-content\/uploads\/IMG_4528-150x150.jpg\" class=\"attachment-thumbnail size-thumbnail\" alt=\"\" \/><\/a>\n\t\t\t<\/div><\/figure><figure class='gallery-item'>\n\t\t\t<div class='gallery-icon landscape'>\n\t\t\t\t<a href='https:\/\/zswlp.pl\/wp-content\/uploads\/IMG_47421.jpg'><img loading=\"lazy\" decoding=\"async\" width=\"150\" height=\"150\" src=\"https:\/\/zswlp.pl\/wp-content\/uploads\/IMG_47421-150x150.jpg\" class=\"attachment-thumbnail size-thumbnail\" alt=\"\" \/><\/a>\n\t\t\t<\/div><\/figure><figure class='gallery-item'>\n\t\t\t<div class='gallery-icon landscape'>\n\t\t\t\t<a href='https:\/\/zswlp.pl\/wp-content\/uploads\/IMG_4753.jpg'><img loading=\"lazy\" decoding=\"async\" width=\"150\" height=\"150\" src=\"https:\/\/zswlp.pl\/wp-content\/uploads\/IMG_4753-150x150.jpg\" class=\"attachment-thumbnail size-thumbnail\" alt=\"\" \/><\/a>\n\t\t\t<\/div><\/figure><figure class='gallery-item'>\n\t\t\t<div class='gallery-icon landscape'>\n\t\t\t\t<a href='https:\/\/zswlp.pl\/wp-content\/uploads\/IMG_4759.jpg'><img loading=\"lazy\" decoding=\"async\" width=\"150\" height=\"150\" src=\"https:\/\/zswlp.pl\/wp-content\/uploads\/IMG_4759-150x150.jpg\" class=\"attachment-thumbnail size-thumbnail\" alt=\"\" \/><\/a>\n\t\t\t<\/div><\/figure><figure class='gallery-item'>\n\t\t\t<div class='gallery-icon landscape'>\n\t\t\t\t<a href='https:\/\/zswlp.pl\/wp-content\/uploads\/IMG_4758.jpg'><img loading=\"lazy\" decoding=\"async\" width=\"150\" height=\"150\" src=\"https:\/\/zswlp.pl\/wp-content\/uploads\/IMG_4758-150x150.jpg\" class=\"attachment-thumbnail size-thumbnail\" alt=\"\" \/><\/a>\n\t\t\t<\/div><\/figure><figure class='gallery-item'>\n\t\t\t<div class='gallery-icon landscape'>\n\t\t\t\t<a href='https:\/\/zswlp.pl\/wp-content\/uploads\/logo_pafw_cmyk.jpg'><img loading=\"lazy\" decoding=\"async\" width=\"150\" height=\"54\" src=\"https:\/\/zswlp.pl\/wp-content\/uploads\/logo_pafw_cmyk-150x54.jpg\" class=\"attachment-thumbnail size-thumbnail\" alt=\"\" \/><\/a>\n\t\t\t<\/div><\/figure><figure class='gallery-item'>\n\t\t\t<div class='gallery-icon landscape'>\n\t\t\t\t<a href='https:\/\/zswlp.pl\/wp-content\/uploads\/LOGO5_male.jpg'><img loading=\"lazy\" decoding=\"async\" width=\"150\" height=\"150\" src=\"https:\/\/zswlp.pl\/wp-content\/uploads\/LOGO5_male-150x150.jpg\" class=\"attachment-thumbnail size-thumbnail\" alt=\"\" \/><\/a>\n\t\t\t<\/div><\/figure><figure class='gallery-item'>\n\t\t\t<div class='gallery-icon portrait'>\n\t\t\t\t<a href='https:\/\/zswlp.pl\/wp-content\/uploads\/dzialaj_lokalnie_logo_cmyk.jpg'><img loading=\"lazy\" decoding=\"async\" width=\"150\" height=\"150\" src=\"https:\/\/zswlp.pl\/wp-content\/uploads\/dzialaj_lokalnie_logo_cmyk-150x150.jpg\" class=\"attachment-thumbnail size-thumbnail\" alt=\"\" \/><\/a>\n\t\t\t<\/div><\/figure>\n\t\t<\/div>\n\n<p><a href=\"http:\/\/zswlp.pl\/wp-content\/uploads\/IMG_4536.jpg\"><br \/>\n<\/a><a href=\"http:\/\/zswlp.pl\/wp-content\/uploads\/IMG_4540.jpg\"><br \/>\n<\/a> <a href=\"http:\/\/zswlp.pl\/wp-content\/uploads\/IMG_45451.jpg\"><br \/>\n<\/a><a href=\"http:\/\/zswlp.pl\/wp-content\/uploads\/IMG_4554.jpg\"><br \/>\n<\/a> <a href=\"http:\/\/zswlp.pl\/wp-content\/uploads\/IMG_4555.jpg\"><br \/>\n<\/a> <a href=\"http:\/\/zswlp.pl\/wp-content\/uploads\/IMG_4556.jpg\"><br \/>\n<\/a> <a href=\"http:\/\/zswlp.pl\/wp-content\/uploads\/IMG_4558.jpg\"><br \/>\n<\/a> <a href=\"http:\/\/zswlp.pl\/wp-content\/uploads\/IMG_4559.jpg\"><br \/>\n<\/a> <a href=\"http:\/\/zswlp.pl\/wp-content\/uploads\/IMG_4560.jpg\"><br \/>\n<\/a> <a href=\"http:\/\/zswlp.pl\/wp-content\/uploads\/IMG_4562.jpg\"><br \/>\n<\/a> <a href=\"http:\/\/zswlp.pl\/wp-content\/uploads\/IMG_4563.jpg\"><br \/>\n<\/a> <a href=\"http:\/\/zswlp.pl\/wp-content\/uploads\/IMG_4567.jpg\"><br \/>\n<\/a> <a href=\"http:\/\/zswlp.pl\/wp-content\/uploads\/IMG_4572.jpg\"><br \/>\n<\/a> <a href=\"http:\/\/zswlp.pl\/wp-content\/uploads\/IMG_4575.jpg\"><br \/>\n<\/a> <a href=\"http:\/\/zswlp.pl\/wp-content\/uploads\/IMG_4583.jpg\"><br \/>\n<\/a> <a href=\"http:\/\/zswlp.pl\/wp-content\/uploads\/IMG_4585.jpg\"><br \/>\n<\/a> <a href=\"http:\/\/zswlp.pl\/wp-content\/uploads\/IMG_45891.jpg\"><br \/>\n<\/a> <a href=\"http:\/\/zswlp.pl\/wp-content\/uploads\/IMG_4592.jpg\"><br \/>\n<\/a> <a href=\"http:\/\/zswlp.pl\/wp-content\/uploads\/IMG_4596.jpg\"><br \/>\n<\/a><a href=\"http:\/\/zswlp.pl\/wp-content\/uploads\/IMG_4496.jpg\"><br \/>\n<\/a> <a href=\"http:\/\/zswlp.pl\/wp-content\/uploads\/IMG_4498.jpg\"><br \/>\n<\/a> <a href=\"http:\/\/zswlp.pl\/wp-content\/uploads\/IMG_4504.jpg\"><br \/>\n<\/a> <a href=\"http:\/\/zswlp.pl\/wp-content\/uploads\/IMG_4517.jpg\"><br \/>\n<\/a><\/p>\n","protected":false},"excerpt":{"rendered":"<p>\u00a0 \u00a0 \u00a0 \u00a0 \u00a0 \u00a0 \u00a0 \u00a0 \u00a0 \u00a0 \u00a0 \u00a0 \u00a0 \u00a0&#8222;LAS WOLNO\u015aCI&#8221; Dzia\u0142aj Lokalnie 2014 Relacja z kolejnego projektu finansowanego z programu Dzia\u0142aj Lokalnie.\u00a0Projekt &#8222;Najwy\u017cszy czas posadzi\u0107 las \u2013 dla uczczenia odzyskania wolno\u015bci&#8221; realizowany jest przez Zawojskie Stowarzyszenie W\u0142a\u015bcicieli Las\u00f3w Prywatnych. Posadzono symboliczny \u201eLas wolno\u015bci\u201d 19 wrze\u015bnia 2014 r.na skwerku edukacyjnym w &hellip; <a href=\"https:\/\/zswlp.pl\/?page_id=109\" class=\"more-link\">Czytaj dalej <span class=\"screen-reader-text\">&#8222;LAS WOLNO\u015aCI&#8221; w ramach Dzia\u0142aj Lokalnie 2014<\/span> <span class=\"meta-nav\">&rarr;<\/span><\/a><\/p>\n","protected":false},"author":2,"featured_media":0,"parent":54,"menu_order":0,"comment_status":"open","ping_status":"open","template":"","meta":{"ngg_post_thumbnail":0,"footnotes":""},"class_list":["post-109","page","type-page","status-publish","hentry"],"_links":{"self":[{"href":"https:\/\/zswlp.pl\/index.php?rest_route=\/wp\/v2\/pages\/109","targetHints":{"allow":["GET"]}}],"collection":[{"href":"https:\/\/zswlp.pl\/index.php?rest_route=\/wp\/v2\/pages"}],"about":[{"href":"https:\/\/zswlp.pl\/index.php?rest_route=\/wp\/v2\/types\/page"}],"author":[{"embeddable":true,"href":"https:\/\/zswlp.pl\/index.php?rest_route=\/wp\/v2\/users\/2"}],"replies":[{"embeddable":true,"href":"https:\/\/zswlp.pl\/index.php?rest_route=%2Fwp%2Fv2%2Fcomments&post=109"}],"version-history":[{"count":3,"href":"https:\/\/zswlp.pl\/index.php?rest_route=\/wp\/v2\/pages\/109\/revisions"}],"predecessor-version":[{"id":186,"href":"https:\/\/zswlp.pl\/index.php?rest_route=\/wp\/v2\/pages\/109\/revisions\/186"}],"up":[{"embeddable":true,"href":"https:\/\/zswlp.pl\/index.php?rest_route=\/wp\/v2\/pages\/54"}],"wp:attachment":[{"href":"https:\/\/zswlp.pl\/index.php?rest_route=%2Fwp%2Fv2%2Fmedia&parent=109"}],"curies":[{"name":"wp","href":"https:\/\/api.w.org\/{rel}","templated":true}]}}